{"id":60425,"date":"2023-10-17T16:35:21","date_gmt":"2023-10-17T14:35:21","guid":{"rendered":"https:\/\/quuttoys.com\/product\/grippi-8-pieces-2\/"},"modified":"2026-03-04T14:14:04","modified_gmt":"2026-03-04T13:14:04","slug":"grippi-8-pieces-2","status":"publish","type":"product","link":"https:\/\/quuttoys.com\/fr\/produit\/grippi-8-pieces-2\/","title":{"rendered":"Grippi &#8211; 8 pi\u00e8ces"},"content":{"rendered":"<p class=\"fusion-responsive-typography-calculated\" data-fontsize=\"16\" data-lineheight=\"30.08px\">Couleur : Bleu<br \/>\ncorail Pi\u00e8ces : 8<\/p>\n<p><strong>Mise en place<\/strong><\/p>\n<p>Lorsque vous placez le Grippis dans votre baignoire, appuyez fermement sur chaque ventouse pour cr\u00e9er un joint sous vide solide et une prise antid\u00e9rapante.<\/p>\n<p class=\"fusion-responsive-typography-calculated\" data-fontsize=\"16\" data-lineheight=\"30.08px\"><strong>Nettoyage<\/strong><\/p>\n<p>Apr\u00e8s chaque utilisation, n\u2019oubliez pas de retirer vos Grippis de la baignoire, de les rincer \u00e0 l\u2019eau et de bien les s\u00e9cher. Cette routine de soins simple gardera vos compagnons de bain en excellent \u00e9tat pour des exp\u00e9riences de bain s\u00fbres et agr\u00e9ables ! <\/p>\n<p class=\"fusion-responsive-typography-calculated\" data-fontsize=\"16\" data-lineheight=\"30.08px\"><strong>Le saviez-vous?<\/strong><\/p>\n<p><em>Tous les produits sont garantis sans BPA, phtalates ni latex et sont \u00e9videmment 100% recyclables. Chez Quut nous sommes persuad\u00e9s que lorsque se cr\u00e9e une histoire d\u2019amour avec son jouet pr\u00e9f\u00e9r\u00e9 on le garde soigneusement. Et ainsi il sera transmis de g\u00e9n\u00e9ration en g\u00e9n\u00e9ration. La durabilit\u00e9 au niveau sup\u00e9rieur!<\/em><\/p>\n","protected":false},"excerpt":{"rendered":"<p>Des compagnons ludiques qui renforcent la s\u00e9curit\u00e9 dans votre salle de bain tout en gardant le plaisir !<br \/>\nFabriqu\u00e9 en vinyle durable et facile \u00e0 nettoyer avec 6 ventouses au fond pour une bonne adh\u00e9rence. Excellente alternative pour un tapis de bain, personnalisez votre installation et placez-la l\u00e0 o\u00f9 vous en avez le plus besoin. Tu n\u2019as plus besoin d\u2019une prise suppl\u00e9mentaire ? Transformez vos Grippi en compagnons de jeu dans la baignoire, passant de la prise aux rires !   <\/p>\n","protected":false},"featured_media":52310,"template":"","meta":{"_coblocks_attr":"","_coblocks_dimensions":"","_coblocks_responsive_height":"","_coblocks_accordion_ie_support":"","_crdt_document":"","jetpack_post_was_ever_published":false,"jetpack_publicize_message":"","jetpack_publicize_feature_enabled":true,"jetpack_social_post_already_shared":true,"jetpack_social_options":{"image_generator_settings":{"template":"highway","default_image_id":0,"font":"","enabled":false},"version":2},"_wpas_customize_per_network":false},"product_brand":[],"product_cat":[21024],"product_tag":[],"class_list":{"0":"post-60425","1":"product","2":"type-product","3":"status-publish","4":"has-post-thumbnail","6":"product_cat-grippi","8":"first","9":"instock","10":"shipping-taxable","11":"product-type-simple"},"yoast_head":"<!-- This site is optimized with the Yoast SEO plugin v27.3 - https:\/\/yoast.com\/product\/yoast-seo-wordpress\/ -->\n<title>Grippi - 8 pi\u00e8ces - QUUT<\/title>\n<meta name=\"description\" content=\"Des compagnons ludiques qui renforcent la s\u00e9curit\u00e9 dans votre salle de bain tout en gardant le plaisir !\" \/>\n<meta name=\"robots\" content=\"index, follow, max-snippet:-1, max-image-preview:large, max-video-preview:-1\" \/>\n<link rel=\"canonical\" href=\"https:\/\/quuttoys.com\/fr\/produit\/grippi-8-pieces-2\/\" \/>\n<meta property=\"og:locale\" content=\"fr_FR\" \/>\n<meta property=\"og:type\" content=\"article\" \/>\n<meta property=\"og:title\" content=\"Grippi - 8 pi\u00e8ces - QUUT\" \/>\n<meta property=\"og:description\" content=\"Des compagnons ludiques qui renforcent la s\u00e9curit\u00e9 dans votre salle de bain tout en gardant le plaisir !\" \/>\n<meta property=\"og:url\" content=\"https:\/\/quuttoys.com\/fr\/produit\/grippi-8-pieces-2\/\" \/>\n<meta property=\"og:site_name\" content=\"QUUT\" \/>\n<meta property=\"article:modified_time\" content=\"2026-03-04T13:14:04+00:00\" \/>\n<meta property=\"og:image\" content=\"https:\/\/i0.wp.com\/quuttoys.com\/wp-content\/uploads\/2023\/10\/Grippi-Coralblue-1.jpg?fit=1920%2C1920&ssl=1\" \/>\n\t<meta property=\"og:image:width\" content=\"1920\" \/>\n\t<meta property=\"og:image:height\" content=\"1920\" \/>\n\t<meta property=\"og:image:type\" content=\"image\/jpeg\" \/>\n<meta name=\"twitter:card\" content=\"summary_large_image\" \/>\n<meta name=\"twitter:label1\" content=\"Dur\u00e9e de lecture estim\u00e9e\" \/>\n\t<meta name=\"twitter:data1\" content=\"1 minute\" \/>\n<script type=\"application\/ld+json\" class=\"yoast-schema-graph\">{\"@context\":\"https:\\\/\\\/schema.org\",\"@graph\":[{\"@type\":\"WebPage\",\"@id\":\"https:\\\/\\\/quuttoys.com\\\/fr\\\/produit\\\/grippi-8-pieces-2\\\/\",\"url\":\"https:\\\/\\\/quuttoys.com\\\/fr\\\/produit\\\/grippi-8-pieces-2\\\/\",\"name\":\"Grippi - 8 pi\u00e8ces - QUUT\",\"isPartOf\":{\"@id\":\"https:\\\/\\\/quuttoys.com\\\/fr\\\/#website\"},\"primaryImageOfPage\":{\"@id\":\"https:\\\/\\\/quuttoys.com\\\/fr\\\/produit\\\/grippi-8-pieces-2\\\/#primaryimage\"},\"image\":{\"@id\":\"https:\\\/\\\/quuttoys.com\\\/fr\\\/produit\\\/grippi-8-pieces-2\\\/#primaryimage\"},\"thumbnailUrl\":\"https:\\\/\\\/i0.wp.com\\\/quuttoys.com\\\/wp-content\\\/uploads\\\/2023\\\/10\\\/Grippi-Coralblue-1.jpg?fit=1920%2C1920&ssl=1\",\"datePublished\":\"2023-10-17T14:35:21+00:00\",\"dateModified\":\"2026-03-04T13:14:04+00:00\",\"description\":\"Des compagnons ludiques qui renforcent la s\u00e9curit\u00e9 dans votre salle de bain tout en gardant le plaisir !\",\"breadcrumb\":{\"@id\":\"https:\\\/\\\/quuttoys.com\\\/fr\\\/produit\\\/grippi-8-pieces-2\\\/#breadcrumb\"},\"inLanguage\":\"fr-FR\",\"potentialAction\":[{\"@type\":\"ReadAction\",\"target\":[\"https:\\\/\\\/quuttoys.com\\\/fr\\\/produit\\\/grippi-8-pieces-2\\\/\"]}]},{\"@type\":\"ImageObject\",\"inLanguage\":\"fr-FR\",\"@id\":\"https:\\\/\\\/quuttoys.com\\\/fr\\\/produit\\\/grippi-8-pieces-2\\\/#primaryimage\",\"url\":\"https:\\\/\\\/i0.wp.com\\\/quuttoys.com\\\/wp-content\\\/uploads\\\/2023\\\/10\\\/Grippi-Coralblue-1.jpg?fit=1920%2C1920&ssl=1\",\"contentUrl\":\"https:\\\/\\\/i0.wp.com\\\/quuttoys.com\\\/wp-content\\\/uploads\\\/2023\\\/10\\\/Grippi-Coralblue-1.jpg?fit=1920%2C1920&ssl=1\",\"width\":1920,\"height\":1920},{\"@type\":\"BreadcrumbList\",\"@id\":\"https:\\\/\\\/quuttoys.com\\\/fr\\\/produit\\\/grippi-8-pieces-2\\\/#breadcrumb\",\"itemListElement\":[{\"@type\":\"ListItem\",\"position\":1,\"name\":\"Home\",\"item\":\"https:\\\/\\\/quuttoys.com\\\/fr\\\/\"},{\"@type\":\"ListItem\",\"position\":2,\"name\":\"All products\",\"item\":\"https:\\\/\\\/quuttoys.com\\\/all-products\\\/\"},{\"@type\":\"ListItem\",\"position\":3,\"name\":\"Grippi &#8211; 8 pi\u00e8ces\"}]},{\"@type\":\"WebSite\",\"@id\":\"https:\\\/\\\/quuttoys.com\\\/fr\\\/#website\",\"url\":\"https:\\\/\\\/quuttoys.com\\\/fr\\\/\",\"name\":\"QUUT\",\"description\":\"Quality toys quality time - Anywhere anytime\",\"potentialAction\":[{\"@type\":\"SearchAction\",\"target\":{\"@type\":\"EntryPoint\",\"urlTemplate\":\"https:\\\/\\\/quuttoys.com\\\/fr\\\/?s={search_term_string}\"},\"query-input\":{\"@type\":\"PropertyValueSpecification\",\"valueRequired\":true,\"valueName\":\"search_term_string\"}}],\"inLanguage\":\"fr-FR\"}]}<\/script>\n<!-- \/ Yoast SEO plugin. -->","yoast_head_json":{"title":"Grippi - 8 pi\u00e8ces - QUUT","description":"Des compagnons ludiques qui renforcent la s\u00e9curit\u00e9 dans votre salle de bain tout en gardant le plaisir !","robots":{"index":"index","follow":"follow","max-snippet":"max-snippet:-1","max-image-preview":"max-image-preview:large","max-video-preview":"max-video-preview:-1"},"canonical":"https:\/\/quuttoys.com\/fr\/produit\/grippi-8-pieces-2\/","og_locale":"fr_FR","og_type":"article","og_title":"Grippi - 8 pi\u00e8ces - QUUT","og_description":"Des compagnons ludiques qui renforcent la s\u00e9curit\u00e9 dans votre salle de bain tout en gardant le plaisir !","og_url":"https:\/\/quuttoys.com\/fr\/produit\/grippi-8-pieces-2\/","og_site_name":"QUUT","article_modified_time":"2026-03-04T13:14:04+00:00","og_image":[{"width":1920,"height":1920,"url":"https:\/\/i0.wp.com\/quuttoys.com\/wp-content\/uploads\/2023\/10\/Grippi-Coralblue-1.jpg?fit=1920%2C1920&ssl=1","type":"image\/jpeg"}],"twitter_card":"summary_large_image","twitter_misc":{"Dur\u00e9e de lecture estim\u00e9e":"1 minute"},"schema":{"@context":"https:\/\/schema.org","@graph":[{"@type":"WebPage","@id":"https:\/\/quuttoys.com\/fr\/produit\/grippi-8-pieces-2\/","url":"https:\/\/quuttoys.com\/fr\/produit\/grippi-8-pieces-2\/","name":"Grippi - 8 pi\u00e8ces - QUUT","isPartOf":{"@id":"https:\/\/quuttoys.com\/fr\/#website"},"primaryImageOfPage":{"@id":"https:\/\/quuttoys.com\/fr\/produit\/grippi-8-pieces-2\/#primaryimage"},"image":{"@id":"https:\/\/quuttoys.com\/fr\/produit\/grippi-8-pieces-2\/#primaryimage"},"thumbnailUrl":"https:\/\/i0.wp.com\/quuttoys.com\/wp-content\/uploads\/2023\/10\/Grippi-Coralblue-1.jpg?fit=1920%2C1920&ssl=1","datePublished":"2023-10-17T14:35:21+00:00","dateModified":"2026-03-04T13:14:04+00:00","description":"Des compagnons ludiques qui renforcent la s\u00e9curit\u00e9 dans votre salle de bain tout en gardant le plaisir !","breadcrumb":{"@id":"https:\/\/quuttoys.com\/fr\/produit\/grippi-8-pieces-2\/#breadcrumb"},"inLanguage":"fr-FR","potentialAction":[{"@type":"ReadAction","target":["https:\/\/quuttoys.com\/fr\/produit\/grippi-8-pieces-2\/"]}]},{"@type":"ImageObject","inLanguage":"fr-FR","@id":"https:\/\/quuttoys.com\/fr\/produit\/grippi-8-pieces-2\/#primaryimage","url":"https:\/\/i0.wp.com\/quuttoys.com\/wp-content\/uploads\/2023\/10\/Grippi-Coralblue-1.jpg?fit=1920%2C1920&ssl=1","contentUrl":"https:\/\/i0.wp.com\/quuttoys.com\/wp-content\/uploads\/2023\/10\/Grippi-Coralblue-1.jpg?fit=1920%2C1920&ssl=1","width":1920,"height":1920},{"@type":"BreadcrumbList","@id":"https:\/\/quuttoys.com\/fr\/produit\/grippi-8-pieces-2\/#breadcrumb","itemListElement":[{"@type":"ListItem","position":1,"name":"Home","item":"https:\/\/quuttoys.com\/fr\/"},{"@type":"ListItem","position":2,"name":"All products","item":"https:\/\/quuttoys.com\/all-products\/"},{"@type":"ListItem","position":3,"name":"Grippi &#8211; 8 pi\u00e8ces"}]},{"@type":"WebSite","@id":"https:\/\/quuttoys.com\/fr\/#website","url":"https:\/\/quuttoys.com\/fr\/","name":"QUUT","description":"Quality toys quality time - Anywhere anytime","potentialAction":[{"@type":"SearchAction","target":{"@type":"EntryPoint","urlTemplate":"https:\/\/quuttoys.com\/fr\/?s={search_term_string}"},"query-input":{"@type":"PropertyValueSpecification","valueRequired":true,"valueName":"search_term_string"}}],"inLanguage":"fr-FR"}]}},"jetpack_publicize_connections":[],"jetpack_likes_enabled":true,"jetpack_sharing_enabled":true,"amp_enabled":true,"_links":{"self":[{"href":"https:\/\/quuttoys.com\/fr\/wp-json\/wp\/v2\/product\/60425","targetHints":{"allow":["GET"]}}],"collection":[{"href":"https:\/\/quuttoys.com\/fr\/wp-json\/wp\/v2\/product"}],"about":[{"href":"https:\/\/quuttoys.com\/fr\/wp-json\/wp\/v2\/types\/product"}],"wp:featuredmedia":[{"embeddable":true,"href":"https:\/\/quuttoys.com\/fr\/wp-json\/wp\/v2\/media\/52310"}],"wp:attachment":[{"href":"https:\/\/quuttoys.com\/fr\/wp-json\/wp\/v2\/media?parent=60425"}],"wp:term":[{"taxonomy":"product_brand","embeddable":true,"href":"https:\/\/quuttoys.com\/fr\/wp-json\/wp\/v2\/product_brand?post=60425"},{"taxonomy":"product_cat","embeddable":true,"href":"https:\/\/quuttoys.com\/fr\/wp-json\/wp\/v2\/product_cat?post=60425"},{"taxonomy":"product_tag","embeddable":true,"href":"https:\/\/quuttoys.com\/fr\/wp-json\/wp\/v2\/product_tag?post=60425"}],"curies":[{"name":"wp","href":"https:\/\/api.w.org\/{rel}","templated":true}]}}