{"id":60431,"date":"2024-04-23T11:57:42","date_gmt":"2024-04-23T09:57:42","guid":{"rendered":"https:\/\/quuttoys.com\/product\/safari-de-jouets-de-plongee\/"},"modified":"2026-03-04T14:14:11","modified_gmt":"2026-03-04T13:14:11","slug":"safari-de-jouets-de-plongee","status":"publish","type":"product","link":"https:\/\/quuttoys.com\/fr\/produit\/safari-de-jouets-de-plongee\/","title":{"rendered":"Safari de jouets de plong\u00e9e"},"content":{"rendered":"<p>3 jouets de plong\u00e9e par ensemble<br \/>\nTaille une pi\u00e8ce : 100 x 90 x 20 mm | 4 x 3,5 x 9 x 0,8 pouces<br \/>\nPoids : \u00b1 130 gr | 0,3 livre<br \/>\nMat\u00e9riau : N\u00e9opr\u00e8ne<br \/>\n\u00e0 s\u00e9chage rapide Emballage : Sac en coton<\/p>\n<p>&nbsp;<\/p>\n","protected":false},"excerpt":{"rendered":"<div class=\"ewa-rteLine\">\n<p><strong>Plongez dans des aventures sous-marines avec ces jouets animaliers de plong\u00e9e ludiques.<\/strong><\/p>\n<p>Parfait pour initier la plong\u00e9e \u00e0 vos enfants de fa\u00e7on ludique ! Il suffit de jeter les jouets dans l\u2019eau et de laisser votre enfant prendre plaisir \u00e0 les r\u00e9cup\u00e9rer. Parfait pour les plus petits enfants dans une pataugeoire ou dans la baignoire. Fabriqu\u00e9s en n\u00e9opr\u00e8ne \u00e0 s\u00e9chage rapide, ces jouets sont livr\u00e9s dans un sac en coton pratique pour une simple portabilit\u00e9 \u00e0 chaque sortie.   <\/p>\n<\/div>\n[fusion_checklist icon=\"ok\" iconcolor=\"#aaaaaa\" circle=\"no\"]<\/p>\n<ul>\n<li>\n<div class=\"ewa-rteLine\">Initier la plong\u00e9e \u00e0 vos enfants<\/div>\n<\/li>\n<li>\n<div class=\"ewa-rteLine\">Favorise le jeu cr\u00e9atif<\/div>\n<\/li>\n<li>\n<div class=\"ewa-rteLine\">Facile \u00e0 jouer avec de petites mains<\/div>\n<\/li>\n<li>\n<div class=\"ewa-rteLine\">Facile \u00e0 nettoyer<\/div>\n<\/li>\n<li>Ensemble 3 jouets de plong\u00e9e<\/li>\n<\/ul>\n<p>[\/fusion_checklist]\n","protected":false},"featured_media":52935,"template":"","meta":{"_coblocks_attr":"","_coblocks_dimensions":"","_coblocks_responsive_height":"","_coblocks_accordion_ie_support":"","_crdt_document":"","jetpack_publicize_message":"","jetpack_publicize_feature_enabled":true,"jetpack_social_post_already_shared":true,"jetpack_social_options":{"image_generator_settings":{"template":"highway","default_image_id":0,"font":"","enabled":false},"version":2},"_wpas_customize_per_network":false},"product_brand":[],"product_cat":[21011],"product_tag":[],"class_list":{"0":"post-60431","1":"product","2":"type-product","3":"status-publish","4":"has-post-thumbnail","6":"product_cat-divetoys","8":"first","9":"instock","10":"shipping-taxable","11":"product-type-simple"},"yoast_head":"<!-- This site is optimized with the Yoast SEO plugin v27.4 - https:\/\/yoast.com\/product\/yoast-seo-wordpress\/ -->\n<title>Safari de jouets de plong\u00e9e - QUUT<\/title>\n<meta name=\"description\" content=\"Plongez dans des aventures sous-marines avec ces jouets animaliers de plong\u00e9e ludiques. Parfait pour initier la plong\u00e9e \u00e0 vos enfants de fa\u00e7on ludique !\" \/>\n<meta name=\"robots\" content=\"index, follow, max-snippet:-1, max-image-preview:large, max-video-preview:-1\" \/>\n<link rel=\"canonical\" href=\"https:\/\/quuttoys.com\/fr\/produit\/safari-de-jouets-de-plongee\/\" \/>\n<meta property=\"og:locale\" content=\"fr_FR\" \/>\n<meta property=\"og:type\" content=\"article\" \/>\n<meta property=\"og:title\" content=\"Safari de jouets de plong\u00e9e - QUUT\" \/>\n<meta property=\"og:description\" content=\"Plongez dans des aventures sous-marines avec ces jouets animaliers de plong\u00e9e ludiques. Parfait pour initier la plong\u00e9e \u00e0 vos enfants de fa\u00e7on ludique !\" \/>\n<meta property=\"og:url\" content=\"https:\/\/quuttoys.com\/fr\/produit\/safari-de-jouets-de-plongee\/\" \/>\n<meta property=\"og:site_name\" content=\"QUUT\" \/>\n<meta property=\"article:modified_time\" content=\"2026-03-04T13:14:11+00:00\" \/>\n<meta property=\"og:image\" content=\"https:\/\/i0.wp.com\/quuttoys.com\/wp-content\/uploads\/2024\/04\/Divetoys-Safari1.jpg?fit=1666%2C1666&ssl=1\" \/>\n\t<meta property=\"og:image:width\" content=\"1666\" \/>\n\t<meta property=\"og:image:height\" content=\"1666\" \/>\n\t<meta property=\"og:image:type\" content=\"image\/jpeg\" \/>\n<meta name=\"twitter:card\" content=\"summary_large_image\" \/>\n<script type=\"application\/ld+json\" class=\"yoast-schema-graph\">{\"@context\":\"https:\\\/\\\/schema.org\",\"@graph\":[{\"@type\":\"WebPage\",\"@id\":\"https:\\\/\\\/quuttoys.com\\\/fr\\\/produit\\\/safari-de-jouets-de-plongee\\\/\",\"url\":\"https:\\\/\\\/quuttoys.com\\\/fr\\\/produit\\\/safari-de-jouets-de-plongee\\\/\",\"name\":\"Safari de jouets de plong\u00e9e - QUUT\",\"isPartOf\":{\"@id\":\"https:\\\/\\\/quuttoys.com\\\/fr\\\/#website\"},\"primaryImageOfPage\":{\"@id\":\"https:\\\/\\\/quuttoys.com\\\/fr\\\/produit\\\/safari-de-jouets-de-plongee\\\/#primaryimage\"},\"image\":{\"@id\":\"https:\\\/\\\/quuttoys.com\\\/fr\\\/produit\\\/safari-de-jouets-de-plongee\\\/#primaryimage\"},\"thumbnailUrl\":\"https:\\\/\\\/i0.wp.com\\\/quuttoys.com\\\/wp-content\\\/uploads\\\/2024\\\/04\\\/Divetoys-Safari1.jpg?fit=1666%2C1666&ssl=1\",\"datePublished\":\"2024-04-23T09:57:42+00:00\",\"dateModified\":\"2026-03-04T13:14:11+00:00\",\"description\":\"Plongez dans des aventures sous-marines avec ces jouets animaliers de plong\u00e9e ludiques. Parfait pour initier la plong\u00e9e \u00e0 vos enfants de fa\u00e7on ludique !\",\"breadcrumb\":{\"@id\":\"https:\\\/\\\/quuttoys.com\\\/fr\\\/produit\\\/safari-de-jouets-de-plongee\\\/#breadcrumb\"},\"inLanguage\":\"fr-FR\",\"potentialAction\":[{\"@type\":\"ReadAction\",\"target\":[\"https:\\\/\\\/quuttoys.com\\\/fr\\\/produit\\\/safari-de-jouets-de-plongee\\\/\"]}]},{\"@type\":\"ImageObject\",\"inLanguage\":\"fr-FR\",\"@id\":\"https:\\\/\\\/quuttoys.com\\\/fr\\\/produit\\\/safari-de-jouets-de-plongee\\\/#primaryimage\",\"url\":\"https:\\\/\\\/i0.wp.com\\\/quuttoys.com\\\/wp-content\\\/uploads\\\/2024\\\/04\\\/Divetoys-Safari1.jpg?fit=1666%2C1666&ssl=1\",\"contentUrl\":\"https:\\\/\\\/i0.wp.com\\\/quuttoys.com\\\/wp-content\\\/uploads\\\/2024\\\/04\\\/Divetoys-Safari1.jpg?fit=1666%2C1666&ssl=1\",\"width\":1666,\"height\":1666},{\"@type\":\"BreadcrumbList\",\"@id\":\"https:\\\/\\\/quuttoys.com\\\/fr\\\/produit\\\/safari-de-jouets-de-plongee\\\/#breadcrumb\",\"itemListElement\":[{\"@type\":\"ListItem\",\"position\":1,\"name\":\"Home\",\"item\":\"https:\\\/\\\/quuttoys.com\\\/fr\\\/\"},{\"@type\":\"ListItem\",\"position\":2,\"name\":\"All products\",\"item\":\"https:\\\/\\\/quuttoys.com\\\/all-products\\\/\"},{\"@type\":\"ListItem\",\"position\":3,\"name\":\"Safari de jouets de plong\u00e9e\"}]},{\"@type\":\"WebSite\",\"@id\":\"https:\\\/\\\/quuttoys.com\\\/fr\\\/#website\",\"url\":\"https:\\\/\\\/quuttoys.com\\\/fr\\\/\",\"name\":\"QUUT\",\"description\":\"Quality toys quality time - Anywhere anytime\",\"potentialAction\":[{\"@type\":\"SearchAction\",\"target\":{\"@type\":\"EntryPoint\",\"urlTemplate\":\"https:\\\/\\\/quuttoys.com\\\/fr\\\/?s={search_term_string}\"},\"query-input\":{\"@type\":\"PropertyValueSpecification\",\"valueRequired\":true,\"valueName\":\"search_term_string\"}}],\"inLanguage\":\"fr-FR\"}]}<\/script>\n<!-- \/ Yoast SEO plugin. -->","yoast_head_json":{"title":"Safari de jouets de plong\u00e9e - QUUT","description":"Plongez dans des aventures sous-marines avec ces jouets animaliers de plong\u00e9e ludiques. Parfait pour initier la plong\u00e9e \u00e0 vos enfants de fa\u00e7on ludique !","robots":{"index":"index","follow":"follow","max-snippet":"max-snippet:-1","max-image-preview":"max-image-preview:large","max-video-preview":"max-video-preview:-1"},"canonical":"https:\/\/quuttoys.com\/fr\/produit\/safari-de-jouets-de-plongee\/","og_locale":"fr_FR","og_type":"article","og_title":"Safari de jouets de plong\u00e9e - QUUT","og_description":"Plongez dans des aventures sous-marines avec ces jouets animaliers de plong\u00e9e ludiques. Parfait pour initier la plong\u00e9e \u00e0 vos enfants de fa\u00e7on ludique !","og_url":"https:\/\/quuttoys.com\/fr\/produit\/safari-de-jouets-de-plongee\/","og_site_name":"QUUT","article_modified_time":"2026-03-04T13:14:11+00:00","og_image":[{"width":1666,"height":1666,"url":"https:\/\/i0.wp.com\/quuttoys.com\/wp-content\/uploads\/2024\/04\/Divetoys-Safari1.jpg?fit=1666%2C1666&ssl=1","type":"image\/jpeg"}],"twitter_card":"summary_large_image","schema":{"@context":"https:\/\/schema.org","@graph":[{"@type":"WebPage","@id":"https:\/\/quuttoys.com\/fr\/produit\/safari-de-jouets-de-plongee\/","url":"https:\/\/quuttoys.com\/fr\/produit\/safari-de-jouets-de-plongee\/","name":"Safari de jouets de plong\u00e9e - QUUT","isPartOf":{"@id":"https:\/\/quuttoys.com\/fr\/#website"},"primaryImageOfPage":{"@id":"https:\/\/quuttoys.com\/fr\/produit\/safari-de-jouets-de-plongee\/#primaryimage"},"image":{"@id":"https:\/\/quuttoys.com\/fr\/produit\/safari-de-jouets-de-plongee\/#primaryimage"},"thumbnailUrl":"https:\/\/i0.wp.com\/quuttoys.com\/wp-content\/uploads\/2024\/04\/Divetoys-Safari1.jpg?fit=1666%2C1666&ssl=1","datePublished":"2024-04-23T09:57:42+00:00","dateModified":"2026-03-04T13:14:11+00:00","description":"Plongez dans des aventures sous-marines avec ces jouets animaliers de plong\u00e9e ludiques. Parfait pour initier la plong\u00e9e \u00e0 vos enfants de fa\u00e7on ludique !","breadcrumb":{"@id":"https:\/\/quuttoys.com\/fr\/produit\/safari-de-jouets-de-plongee\/#breadcrumb"},"inLanguage":"fr-FR","potentialAction":[{"@type":"ReadAction","target":["https:\/\/quuttoys.com\/fr\/produit\/safari-de-jouets-de-plongee\/"]}]},{"@type":"ImageObject","inLanguage":"fr-FR","@id":"https:\/\/quuttoys.com\/fr\/produit\/safari-de-jouets-de-plongee\/#primaryimage","url":"https:\/\/i0.wp.com\/quuttoys.com\/wp-content\/uploads\/2024\/04\/Divetoys-Safari1.jpg?fit=1666%2C1666&ssl=1","contentUrl":"https:\/\/i0.wp.com\/quuttoys.com\/wp-content\/uploads\/2024\/04\/Divetoys-Safari1.jpg?fit=1666%2C1666&ssl=1","width":1666,"height":1666},{"@type":"BreadcrumbList","@id":"https:\/\/quuttoys.com\/fr\/produit\/safari-de-jouets-de-plongee\/#breadcrumb","itemListElement":[{"@type":"ListItem","position":1,"name":"Home","item":"https:\/\/quuttoys.com\/fr\/"},{"@type":"ListItem","position":2,"name":"All products","item":"https:\/\/quuttoys.com\/all-products\/"},{"@type":"ListItem","position":3,"name":"Safari de jouets de plong\u00e9e"}]},{"@type":"WebSite","@id":"https:\/\/quuttoys.com\/fr\/#website","url":"https:\/\/quuttoys.com\/fr\/","name":"QUUT","description":"Quality toys quality time - Anywhere anytime","potentialAction":[{"@type":"SearchAction","target":{"@type":"EntryPoint","urlTemplate":"https:\/\/quuttoys.com\/fr\/?s={search_term_string}"},"query-input":{"@type":"PropertyValueSpecification","valueRequired":true,"valueName":"search_term_string"}}],"inLanguage":"fr-FR"}]}},"jetpack_publicize_connections":[],"jetpack_likes_enabled":true,"jetpack_sharing_enabled":true,"amp_enabled":true,"_links":{"self":[{"href":"https:\/\/quuttoys.com\/fr\/wp-json\/wp\/v2\/product\/60431","targetHints":{"allow":["GET"]}}],"collection":[{"href":"https:\/\/quuttoys.com\/fr\/wp-json\/wp\/v2\/product"}],"about":[{"href":"https:\/\/quuttoys.com\/fr\/wp-json\/wp\/v2\/types\/product"}],"wp:featuredmedia":[{"embeddable":true,"href":"https:\/\/quuttoys.com\/fr\/wp-json\/wp\/v2\/media\/52935"}],"wp:attachment":[{"href":"https:\/\/quuttoys.com\/fr\/wp-json\/wp\/v2\/media?parent=60431"}],"wp:term":[{"taxonomy":"product_brand","embeddable":true,"href":"https:\/\/quuttoys.com\/fr\/wp-json\/wp\/v2\/product_brand?post=60431"},{"taxonomy":"product_cat","embeddable":true,"href":"https:\/\/quuttoys.com\/fr\/wp-json\/wp\/v2\/product_cat?post=60431"},{"taxonomy":"product_tag","embeddable":true,"href":"https:\/\/quuttoys.com\/fr\/wp-json\/wp\/v2\/product_tag?post=60431"}],"curies":[{"name":"wp","href":"https:\/\/api.w.org\/{rel}","templated":true}]}}