{"id":60432,"date":"2024-03-05T09:59:20","date_gmt":"2024-03-05T08:59:20","guid":{"rendered":"https:\/\/quuttoys.com\/product\/hippopotame-squeezi\/"},"modified":"2026-03-04T14:14:12","modified_gmt":"2026-03-04T13:14:12","slug":"hippopotame-squeezi","status":"publish","type":"product","link":"https:\/\/quuttoys.com\/fr\/produit\/hippopotame-squeezi\/","title":{"rendered":"Hippopotame Squeezi"},"content":{"rendered":"<p>Taille : 14 x 17,6 x 18,7 cm | 5,5 x 6,9 x 7,3 pouces<br \/>\nPoids : \u00b1 200 gr | 0,4 livre<br \/>\nMat\u00e9riau : Silicone<\/p>\n<h3>Le saviez-vous?<\/h3>\n<p><em>Tous les produits sont garantis sans BPA, phtalates ni latex et sont \u00e9videmment 100% recyclables. Chez Quut nous sommes persuad\u00e9s que lorsque se cr\u00e9e une histoire d\u2019amour avec son jouet pr\u00e9f\u00e9r\u00e9 on le garde soigneusement. Et ainsi il sera transmis de g\u00e9n\u00e9ration en g\u00e9n\u00e9ration. La durabilit\u00e9 au niveau sup\u00e9rieur!<\/em><\/p>\n","protected":false},"excerpt":{"rendered":"<div class=\"ewa-rteLine\">\n<p><i>Hippo vous guidera \u00e0 travers vos lacs les plus fous et les eaux aventureuses de la baignoire !<\/i><\/p>\n<p>M\u00eame les plus petites mains peuvent facilement le remplir d\u2019eau. Pressez-le sous l\u2019eau pour le remplir. Quand votre aventure aquatique est termin\u00e9e, il suffit de faire sortir l\u2019eau et de regarder votre hippopotame flotter.  <\/p>\n<\/div>\n[fusion_checklist icon=\"ok\" iconcolor=\"#aaaaaa\" circle=\"no\"]<\/p>\n<ul>\n<li>\n<div class=\"ewa-rteLine\">Parfait pour la coordination \u0153il-main<\/div>\n<\/li>\n<li>\n<div class=\"ewa-rteLine\">Favorise le jeu cr\u00e9atif et la motricit\u00e9 fine<\/div>\n<\/li>\n<li>\n<div class=\"ewa-rteLine\">Facile \u00e0 jouer avec de petites mains<\/div>\n<\/li>\n<li>\n<div class=\"ewa-rteLine\">100 % silicone, donc sans moisissure<\/div>\n<\/li>\n<li>\n<div class=\"ewa-rteLine\">Facile \u00e0 nettoyer<\/div>\n<\/li>\n<li>\n<div class=\"ewa-rteLine\">Pas de substances nocives (pas de BPA, de phtalates, de latex, &#8230;)<\/div>\n<\/li>\n<\/ul>\n<p>[\/fusion_checklist]\n","protected":false},"featured_media":52737,"template":"","meta":{"_coblocks_attr":"","_coblocks_dimensions":"","_coblocks_responsive_height":"","_coblocks_accordion_ie_support":"","_crdt_document":"","jetpack_post_was_ever_published":false,"jetpack_publicize_message":"","jetpack_publicize_feature_enabled":true,"jetpack_social_post_already_shared":true,"jetpack_social_options":{"image_generator_settings":{"template":"highway","default_image_id":0,"font":"","enabled":false},"version":2},"_wpas_customize_per_network":false},"product_brand":[],"product_cat":[21013],"product_tag":[],"class_list":{"0":"post-60432","1":"product","2":"type-product","3":"status-publish","4":"has-post-thumbnail","6":"product_cat-squeezi","8":"first","9":"instock","10":"shipping-taxable","11":"product-type-simple"},"yoast_head":"<!-- This site is optimized with the Yoast SEO plugin v27.2 - https:\/\/yoast.com\/product\/yoast-seo-wordpress\/ -->\n<title>Hippopotame Squeezi - QUUT<\/title>\n<meta name=\"description\" content=\"Pressez-le sous l\u2019eau pour le remplir. Quand votre aventure aquatique est termin\u00e9e, il suffit de faire sortir l\u2019eau et de regarder votre hippopotame flotter.\" \/>\n<meta name=\"robots\" content=\"index, follow, max-snippet:-1, max-image-preview:large, max-video-preview:-1\" \/>\n<link rel=\"canonical\" href=\"https:\/\/quuttoys.com\/fr\/produit\/hippopotame-squeezi\/\" \/>\n<meta property=\"og:locale\" content=\"fr_FR\" \/>\n<meta property=\"og:type\" content=\"article\" \/>\n<meta property=\"og:title\" content=\"Hippopotame Squeezi - QUUT\" \/>\n<meta property=\"og:description\" content=\"Pressez-le sous l\u2019eau pour le remplir. Quand votre aventure aquatique est termin\u00e9e, il suffit de faire sortir l\u2019eau et de regarder votre hippopotame flotter.\" \/>\n<meta property=\"og:url\" content=\"https:\/\/quuttoys.com\/fr\/produit\/hippopotame-squeezi\/\" \/>\n<meta property=\"og:site_name\" content=\"QUUT\" \/>\n<meta property=\"article:modified_time\" content=\"2026-03-04T13:14:12+00:00\" \/>\n<meta property=\"og:image\" content=\"https:\/\/i0.wp.com\/quuttoys.com\/wp-content\/uploads\/2024\/03\/hippo4.jpg?fit=1920%2C1919&ssl=1\" \/>\n\t<meta property=\"og:image:width\" content=\"1920\" \/>\n\t<meta property=\"og:image:height\" content=\"1919\" \/>\n\t<meta property=\"og:image:type\" content=\"image\/jpeg\" \/>\n<meta name=\"twitter:card\" content=\"summary_large_image\" \/>\n<script type=\"application\/ld+json\" class=\"yoast-schema-graph\">{\"@context\":\"https:\/\/schema.org\",\"@graph\":[{\"@type\":\"WebPage\",\"@id\":\"https:\/\/quuttoys.com\/fr\/produit\/hippopotame-squeezi\/\",\"url\":\"https:\/\/quuttoys.com\/fr\/produit\/hippopotame-squeezi\/\",\"name\":\"Hippopotame Squeezi - QUUT\",\"isPartOf\":{\"@id\":\"https:\/\/quuttoys.com\/fr\/#website\"},\"primaryImageOfPage\":{\"@id\":\"https:\/\/quuttoys.com\/fr\/produit\/hippopotame-squeezi\/#primaryimage\"},\"image\":{\"@id\":\"https:\/\/quuttoys.com\/fr\/produit\/hippopotame-squeezi\/#primaryimage\"},\"thumbnailUrl\":\"https:\/\/i0.wp.com\/quuttoys.com\/wp-content\/uploads\/2024\/03\/hippo4.jpg?fit=1920%2C1919&ssl=1\",\"datePublished\":\"2024-03-05T08:59:20+00:00\",\"dateModified\":\"2026-03-04T13:14:12+00:00\",\"description\":\"Pressez-le sous l\u2019eau pour le remplir. Quand votre aventure aquatique est termin\u00e9e, il suffit de faire sortir l\u2019eau et de regarder votre hippopotame flotter.\",\"breadcrumb\":{\"@id\":\"https:\/\/quuttoys.com\/fr\/produit\/hippopotame-squeezi\/#breadcrumb\"},\"inLanguage\":\"fr-FR\",\"potentialAction\":[{\"@type\":\"ReadAction\",\"target\":[\"https:\/\/quuttoys.com\/fr\/produit\/hippopotame-squeezi\/\"]}]},{\"@type\":\"ImageObject\",\"inLanguage\":\"fr-FR\",\"@id\":\"https:\/\/quuttoys.com\/fr\/produit\/hippopotame-squeezi\/#primaryimage\",\"url\":\"https:\/\/i0.wp.com\/quuttoys.com\/wp-content\/uploads\/2024\/03\/hippo4.jpg?fit=1920%2C1919&ssl=1\",\"contentUrl\":\"https:\/\/i0.wp.com\/quuttoys.com\/wp-content\/uploads\/2024\/03\/hippo4.jpg?fit=1920%2C1919&ssl=1\",\"width\":1920,\"height\":1919},{\"@type\":\"BreadcrumbList\",\"@id\":\"https:\/\/quuttoys.com\/fr\/produit\/hippopotame-squeezi\/#breadcrumb\",\"itemListElement\":[{\"@type\":\"ListItem\",\"position\":1,\"name\":\"Home\",\"item\":\"https:\/\/quuttoys.com\/fr\/\"},{\"@type\":\"ListItem\",\"position\":2,\"name\":\"All products\",\"item\":\"https:\/\/quuttoys.com\/all-products\/\"},{\"@type\":\"ListItem\",\"position\":3,\"name\":\"Hippopotame Squeezi\"}]},{\"@type\":\"WebSite\",\"@id\":\"https:\/\/quuttoys.com\/fr\/#website\",\"url\":\"https:\/\/quuttoys.com\/fr\/\",\"name\":\"QUUT\",\"description\":\"Quality toys quality time - Anywhere anytime\",\"potentialAction\":[{\"@type\":\"SearchAction\",\"target\":{\"@type\":\"EntryPoint\",\"urlTemplate\":\"https:\/\/quuttoys.com\/fr\/?s={search_term_string}\"},\"query-input\":{\"@type\":\"PropertyValueSpecification\",\"valueRequired\":true,\"valueName\":\"search_term_string\"}}],\"inLanguage\":\"fr-FR\"}]}<\/script>\n<!-- \/ Yoast SEO plugin. -->","yoast_head_json":{"title":"Hippopotame Squeezi - QUUT","description":"Pressez-le sous l\u2019eau pour le remplir. Quand votre aventure aquatique est termin\u00e9e, il suffit de faire sortir l\u2019eau et de regarder votre hippopotame flotter.","robots":{"index":"index","follow":"follow","max-snippet":"max-snippet:-1","max-image-preview":"max-image-preview:large","max-video-preview":"max-video-preview:-1"},"canonical":"https:\/\/quuttoys.com\/fr\/produit\/hippopotame-squeezi\/","og_locale":"fr_FR","og_type":"article","og_title":"Hippopotame Squeezi - QUUT","og_description":"Pressez-le sous l\u2019eau pour le remplir. Quand votre aventure aquatique est termin\u00e9e, il suffit de faire sortir l\u2019eau et de regarder votre hippopotame flotter.","og_url":"https:\/\/quuttoys.com\/fr\/produit\/hippopotame-squeezi\/","og_site_name":"QUUT","article_modified_time":"2026-03-04T13:14:12+00:00","og_image":[{"width":1920,"height":1919,"url":"https:\/\/i0.wp.com\/quuttoys.com\/wp-content\/uploads\/2024\/03\/hippo4.jpg?fit=1920%2C1919&ssl=1","type":"image\/jpeg"}],"twitter_card":"summary_large_image","schema":{"@context":"https:\/\/schema.org","@graph":[{"@type":"WebPage","@id":"https:\/\/quuttoys.com\/fr\/produit\/hippopotame-squeezi\/","url":"https:\/\/quuttoys.com\/fr\/produit\/hippopotame-squeezi\/","name":"Hippopotame Squeezi - QUUT","isPartOf":{"@id":"https:\/\/quuttoys.com\/fr\/#website"},"primaryImageOfPage":{"@id":"https:\/\/quuttoys.com\/fr\/produit\/hippopotame-squeezi\/#primaryimage"},"image":{"@id":"https:\/\/quuttoys.com\/fr\/produit\/hippopotame-squeezi\/#primaryimage"},"thumbnailUrl":"https:\/\/i0.wp.com\/quuttoys.com\/wp-content\/uploads\/2024\/03\/hippo4.jpg?fit=1920%2C1919&ssl=1","datePublished":"2024-03-05T08:59:20+00:00","dateModified":"2026-03-04T13:14:12+00:00","description":"Pressez-le sous l\u2019eau pour le remplir. Quand votre aventure aquatique est termin\u00e9e, il suffit de faire sortir l\u2019eau et de regarder votre hippopotame flotter.","breadcrumb":{"@id":"https:\/\/quuttoys.com\/fr\/produit\/hippopotame-squeezi\/#breadcrumb"},"inLanguage":"fr-FR","potentialAction":[{"@type":"ReadAction","target":["https:\/\/quuttoys.com\/fr\/produit\/hippopotame-squeezi\/"]}]},{"@type":"ImageObject","inLanguage":"fr-FR","@id":"https:\/\/quuttoys.com\/fr\/produit\/hippopotame-squeezi\/#primaryimage","url":"https:\/\/i0.wp.com\/quuttoys.com\/wp-content\/uploads\/2024\/03\/hippo4.jpg?fit=1920%2C1919&ssl=1","contentUrl":"https:\/\/i0.wp.com\/quuttoys.com\/wp-content\/uploads\/2024\/03\/hippo4.jpg?fit=1920%2C1919&ssl=1","width":1920,"height":1919},{"@type":"BreadcrumbList","@id":"https:\/\/quuttoys.com\/fr\/produit\/hippopotame-squeezi\/#breadcrumb","itemListElement":[{"@type":"ListItem","position":1,"name":"Home","item":"https:\/\/quuttoys.com\/fr\/"},{"@type":"ListItem","position":2,"name":"All products","item":"https:\/\/quuttoys.com\/all-products\/"},{"@type":"ListItem","position":3,"name":"Hippopotame Squeezi"}]},{"@type":"WebSite","@id":"https:\/\/quuttoys.com\/fr\/#website","url":"https:\/\/quuttoys.com\/fr\/","name":"QUUT","description":"Quality toys quality time - Anywhere anytime","potentialAction":[{"@type":"SearchAction","target":{"@type":"EntryPoint","urlTemplate":"https:\/\/quuttoys.com\/fr\/?s={search_term_string}"},"query-input":{"@type":"PropertyValueSpecification","valueRequired":true,"valueName":"search_term_string"}}],"inLanguage":"fr-FR"}]}},"jetpack_publicize_connections":[],"jetpack_likes_enabled":true,"jetpack_sharing_enabled":true,"amp_enabled":true,"_links":{"self":[{"href":"https:\/\/quuttoys.com\/fr\/wp-json\/wp\/v2\/product\/60432","targetHints":{"allow":["GET"]}}],"collection":[{"href":"https:\/\/quuttoys.com\/fr\/wp-json\/wp\/v2\/product"}],"about":[{"href":"https:\/\/quuttoys.com\/fr\/wp-json\/wp\/v2\/types\/product"}],"wp:featuredmedia":[{"embeddable":true,"href":"https:\/\/quuttoys.com\/fr\/wp-json\/wp\/v2\/media\/52737"}],"wp:attachment":[{"href":"https:\/\/quuttoys.com\/fr\/wp-json\/wp\/v2\/media?parent=60432"}],"wp:term":[{"taxonomy":"product_brand","embeddable":true,"href":"https:\/\/quuttoys.com\/fr\/wp-json\/wp\/v2\/product_brand?post=60432"},{"taxonomy":"product_cat","embeddable":true,"href":"https:\/\/quuttoys.com\/fr\/wp-json\/wp\/v2\/product_cat?post=60432"},{"taxonomy":"product_tag","embeddable":true,"href":"https:\/\/quuttoys.com\/fr\/wp-json\/wp\/v2\/product_tag?post=60432"}],"curies":[{"name":"wp","href":"https:\/\/api.w.org\/{rel}","templated":true}]}}