{"id":60434,"date":"2024-03-05T10:35:52","date_gmt":"2024-03-05T09:35:52","guid":{"rendered":"https:\/\/quuttoys.com\/product\/autocollants-de-bain-de-peche-en-haute-mer\/"},"modified":"2026-03-04T14:14:13","modified_gmt":"2026-03-04T13:14:13","slug":"autocollants-de-bain-de-peche-en-haute-mer","status":"publish","type":"product","link":"https:\/\/quuttoys.com\/fr\/produit\/autocollants-de-bain-de-peche-en-haute-mer\/","title":{"rendered":"Autocollants de bain de p\u00eache en haute mer"},"content":{"rendered":"<p>Taille : 124 x 185 x 37 mm | 49 x 73 x 15 pouces<br \/>\nPoids : \u00b1 90 gr | 0,2 livre<br \/>\nMat\u00e9riau : Silicone + EVA + Coton<\/p>\n<h3>Le saviez-vous?<\/h3>\n<p><em>Tous les produits sont garantis sans BPA, phtalates ni latex et sont \u00e9videmment 100% recyclables. Chez Quut nous sommes persuad\u00e9s que lorsque se cr\u00e9e une histoire d\u2019amour avec son jouet pr\u00e9f\u00e9r\u00e9 on le garde soigneusement. Et ainsi il sera transmis de g\u00e9n\u00e9ration en g\u00e9n\u00e9ration. La durabilit\u00e9 au niveau sup\u00e9rieur!<\/em><\/p>\n","protected":false},"excerpt":{"rendered":"<div class=\"ewa-rteLine\">\n<p><b>Doublez le plaisir avec notre ensemble d\u2019autocollants pour le bain de p\u00eache !<\/b><\/p>\n<p>\u00c0 partir de 10 mois, les enfants jouent avec des blocs en mousse flottants qui adh\u00e8rent aux parois de la baignoire. \u00c0 18 mois, ils p\u00eachent avec la canne incluse \u2014 pas besoin d\u2019aimants !<br \/>\nCes formes adh\u00e8rent \u00e0 l\u2019eau, stimulant l\u2019imagination et am\u00e9liorant la coordination.<\/p>\n<\/div>\n[fusion_checklist icon=\"ok\" iconcolor=\"#aaaaaa\" circle=\"no\"]<\/p>\n<ul>\n<li>\n<div class=\"ewa-rteLine\">Parfait pour la coordination \u0153il-main<\/div>\n<\/li>\n<li>\n<div class=\"ewa-rteLine\">Favorise le jeu cr\u00e9atif et la motricit\u00e9 fine<\/div>\n<\/li>\n<li>\n<div class=\"ewa-rteLine\">Facile \u00e0 jouer avec de petites mains<\/div>\n<\/li>\n<li>\n<div class=\"ewa-rteLine\">Facile \u00e0 nettoyer<\/div>\n<\/li>\n<li>8 autocollants de bain + canne \u00e0 p\u00eache<\/li>\n<li>\n<div class=\"ewa-rteLine\">Pas de substances nocives (pas de BPA, de phtalates, de latex, &#8230;)<\/div>\n<\/li>\n<\/ul>\n<p>[\/fusion_checklist]\n","protected":false},"featured_media":52770,"template":"","meta":{"_coblocks_attr":"","_coblocks_dimensions":"","_coblocks_responsive_height":"","_coblocks_accordion_ie_support":"","_crdt_document":"","jetpack_publicize_message":"","jetpack_publicize_feature_enabled":true,"jetpack_social_post_already_shared":true,"jetpack_social_options":{"image_generator_settings":{"template":"highway","default_image_id":0,"font":"","enabled":false},"version":2},"_wpas_customize_per_network":false},"product_brand":[],"product_cat":[21037],"product_tag":[],"class_list":{"0":"post-60434","1":"product","2":"type-product","3":"status-publish","4":"has-post-thumbnail","6":"product_cat-visset","8":"first","9":"instock","10":"shipping-taxable","11":"product-type-simple"},"yoast_head":"<!-- This site is optimized with the Yoast SEO plugin v27.4 - https:\/\/yoast.com\/product\/yoast-seo-wordpress\/ -->\n<title>Autocollants de bain de p\u00eache en haute mer - QUUT<\/title>\n<meta name=\"description\" content=\"\u00c0 partir de 10 mois, les enfants jouent avec des blocs en mousse flottants qui adh\u00e8rent aux parois de la baignoire. \u00c0 18 mois, ils p\u00eachent avec la canne incluse \u2014 pas besoin d\u2019aimants !\" \/>\n<meta name=\"robots\" content=\"index, follow, max-snippet:-1, max-image-preview:large, max-video-preview:-1\" \/>\n<link rel=\"canonical\" href=\"https:\/\/quuttoys.com\/fr\/produit\/autocollants-de-bain-de-peche-en-haute-mer\/\" \/>\n<meta property=\"og:locale\" content=\"fr_FR\" \/>\n<meta property=\"og:type\" content=\"article\" \/>\n<meta property=\"og:title\" content=\"Autocollants de bain de p\u00eache en haute mer - QUUT\" \/>\n<meta property=\"og:description\" content=\"\u00c0 partir de 10 mois, les enfants jouent avec des blocs en mousse flottants qui adh\u00e8rent aux parois de la baignoire. \u00c0 18 mois, ils p\u00eachent avec la canne incluse \u2014 pas besoin d\u2019aimants !\" \/>\n<meta property=\"og:url\" content=\"https:\/\/quuttoys.com\/fr\/produit\/autocollants-de-bain-de-peche-en-haute-mer\/\" \/>\n<meta property=\"og:site_name\" content=\"QUUT\" \/>\n<meta property=\"article:modified_time\" content=\"2026-03-04T13:14:13+00:00\" \/>\n<meta property=\"og:image\" content=\"https:\/\/i0.wp.com\/quuttoys.com\/wp-content\/uploads\/2024\/03\/deepsea5.jpg?fit=1920%2C1919&ssl=1\" \/>\n\t<meta property=\"og:image:width\" content=\"1920\" \/>\n\t<meta property=\"og:image:height\" content=\"1919\" \/>\n\t<meta property=\"og:image:type\" content=\"image\/jpeg\" \/>\n<meta name=\"twitter:card\" content=\"summary_large_image\" \/>\n<script type=\"application\/ld+json\" class=\"yoast-schema-graph\">{\"@context\":\"https:\\\/\\\/schema.org\",\"@graph\":[{\"@type\":\"WebPage\",\"@id\":\"https:\\\/\\\/quuttoys.com\\\/fr\\\/produit\\\/autocollants-de-bain-de-peche-en-haute-mer\\\/\",\"url\":\"https:\\\/\\\/quuttoys.com\\\/fr\\\/produit\\\/autocollants-de-bain-de-peche-en-haute-mer\\\/\",\"name\":\"Autocollants de bain de p\u00eache en haute mer - QUUT\",\"isPartOf\":{\"@id\":\"https:\\\/\\\/quuttoys.com\\\/fr\\\/#website\"},\"primaryImageOfPage\":{\"@id\":\"https:\\\/\\\/quuttoys.com\\\/fr\\\/produit\\\/autocollants-de-bain-de-peche-en-haute-mer\\\/#primaryimage\"},\"image\":{\"@id\":\"https:\\\/\\\/quuttoys.com\\\/fr\\\/produit\\\/autocollants-de-bain-de-peche-en-haute-mer\\\/#primaryimage\"},\"thumbnailUrl\":\"https:\\\/\\\/i0.wp.com\\\/quuttoys.com\\\/wp-content\\\/uploads\\\/2024\\\/03\\\/deepsea5.jpg?fit=1920%2C1919&ssl=1\",\"datePublished\":\"2024-03-05T09:35:52+00:00\",\"dateModified\":\"2026-03-04T13:14:13+00:00\",\"description\":\"\u00c0 partir de 10 mois, les enfants jouent avec des blocs en mousse flottants qui adh\u00e8rent aux parois de la baignoire. \u00c0 18 mois, ils p\u00eachent avec la canne incluse \u2014 pas besoin d\u2019aimants !\",\"breadcrumb\":{\"@id\":\"https:\\\/\\\/quuttoys.com\\\/fr\\\/produit\\\/autocollants-de-bain-de-peche-en-haute-mer\\\/#breadcrumb\"},\"inLanguage\":\"fr-FR\",\"potentialAction\":[{\"@type\":\"ReadAction\",\"target\":[\"https:\\\/\\\/quuttoys.com\\\/fr\\\/produit\\\/autocollants-de-bain-de-peche-en-haute-mer\\\/\"]}]},{\"@type\":\"ImageObject\",\"inLanguage\":\"fr-FR\",\"@id\":\"https:\\\/\\\/quuttoys.com\\\/fr\\\/produit\\\/autocollants-de-bain-de-peche-en-haute-mer\\\/#primaryimage\",\"url\":\"https:\\\/\\\/i0.wp.com\\\/quuttoys.com\\\/wp-content\\\/uploads\\\/2024\\\/03\\\/deepsea5.jpg?fit=1920%2C1919&ssl=1\",\"contentUrl\":\"https:\\\/\\\/i0.wp.com\\\/quuttoys.com\\\/wp-content\\\/uploads\\\/2024\\\/03\\\/deepsea5.jpg?fit=1920%2C1919&ssl=1\",\"width\":1920,\"height\":1919},{\"@type\":\"BreadcrumbList\",\"@id\":\"https:\\\/\\\/quuttoys.com\\\/fr\\\/produit\\\/autocollants-de-bain-de-peche-en-haute-mer\\\/#breadcrumb\",\"itemListElement\":[{\"@type\":\"ListItem\",\"position\":1,\"name\":\"Home\",\"item\":\"https:\\\/\\\/quuttoys.com\\\/fr\\\/\"},{\"@type\":\"ListItem\",\"position\":2,\"name\":\"All products\",\"item\":\"https:\\\/\\\/quuttoys.com\\\/all-products\\\/\"},{\"@type\":\"ListItem\",\"position\":3,\"name\":\"Autocollants de bain de p\u00eache en haute mer\"}]},{\"@type\":\"WebSite\",\"@id\":\"https:\\\/\\\/quuttoys.com\\\/fr\\\/#website\",\"url\":\"https:\\\/\\\/quuttoys.com\\\/fr\\\/\",\"name\":\"QUUT\",\"description\":\"Quality toys quality time - Anywhere anytime\",\"potentialAction\":[{\"@type\":\"SearchAction\",\"target\":{\"@type\":\"EntryPoint\",\"urlTemplate\":\"https:\\\/\\\/quuttoys.com\\\/fr\\\/?s={search_term_string}\"},\"query-input\":{\"@type\":\"PropertyValueSpecification\",\"valueRequired\":true,\"valueName\":\"search_term_string\"}}],\"inLanguage\":\"fr-FR\"}]}<\/script>\n<!-- \/ Yoast SEO plugin. -->","yoast_head_json":{"title":"Autocollants de bain de p\u00eache en haute mer - QUUT","description":"\u00c0 partir de 10 mois, les enfants jouent avec des blocs en mousse flottants qui adh\u00e8rent aux parois de la baignoire. \u00c0 18 mois, ils p\u00eachent avec la canne incluse \u2014 pas besoin d\u2019aimants !","robots":{"index":"index","follow":"follow","max-snippet":"max-snippet:-1","max-image-preview":"max-image-preview:large","max-video-preview":"max-video-preview:-1"},"canonical":"https:\/\/quuttoys.com\/fr\/produit\/autocollants-de-bain-de-peche-en-haute-mer\/","og_locale":"fr_FR","og_type":"article","og_title":"Autocollants de bain de p\u00eache en haute mer - QUUT","og_description":"\u00c0 partir de 10 mois, les enfants jouent avec des blocs en mousse flottants qui adh\u00e8rent aux parois de la baignoire. \u00c0 18 mois, ils p\u00eachent avec la canne incluse \u2014 pas besoin d\u2019aimants !","og_url":"https:\/\/quuttoys.com\/fr\/produit\/autocollants-de-bain-de-peche-en-haute-mer\/","og_site_name":"QUUT","article_modified_time":"2026-03-04T13:14:13+00:00","og_image":[{"width":1920,"height":1919,"url":"https:\/\/i0.wp.com\/quuttoys.com\/wp-content\/uploads\/2024\/03\/deepsea5.jpg?fit=1920%2C1919&ssl=1","type":"image\/jpeg"}],"twitter_card":"summary_large_image","schema":{"@context":"https:\/\/schema.org","@graph":[{"@type":"WebPage","@id":"https:\/\/quuttoys.com\/fr\/produit\/autocollants-de-bain-de-peche-en-haute-mer\/","url":"https:\/\/quuttoys.com\/fr\/produit\/autocollants-de-bain-de-peche-en-haute-mer\/","name":"Autocollants de bain de p\u00eache en haute mer - QUUT","isPartOf":{"@id":"https:\/\/quuttoys.com\/fr\/#website"},"primaryImageOfPage":{"@id":"https:\/\/quuttoys.com\/fr\/produit\/autocollants-de-bain-de-peche-en-haute-mer\/#primaryimage"},"image":{"@id":"https:\/\/quuttoys.com\/fr\/produit\/autocollants-de-bain-de-peche-en-haute-mer\/#primaryimage"},"thumbnailUrl":"https:\/\/i0.wp.com\/quuttoys.com\/wp-content\/uploads\/2024\/03\/deepsea5.jpg?fit=1920%2C1919&ssl=1","datePublished":"2024-03-05T09:35:52+00:00","dateModified":"2026-03-04T13:14:13+00:00","description":"\u00c0 partir de 10 mois, les enfants jouent avec des blocs en mousse flottants qui adh\u00e8rent aux parois de la baignoire. \u00c0 18 mois, ils p\u00eachent avec la canne incluse \u2014 pas besoin d\u2019aimants !","breadcrumb":{"@id":"https:\/\/quuttoys.com\/fr\/produit\/autocollants-de-bain-de-peche-en-haute-mer\/#breadcrumb"},"inLanguage":"fr-FR","potentialAction":[{"@type":"ReadAction","target":["https:\/\/quuttoys.com\/fr\/produit\/autocollants-de-bain-de-peche-en-haute-mer\/"]}]},{"@type":"ImageObject","inLanguage":"fr-FR","@id":"https:\/\/quuttoys.com\/fr\/produit\/autocollants-de-bain-de-peche-en-haute-mer\/#primaryimage","url":"https:\/\/i0.wp.com\/quuttoys.com\/wp-content\/uploads\/2024\/03\/deepsea5.jpg?fit=1920%2C1919&ssl=1","contentUrl":"https:\/\/i0.wp.com\/quuttoys.com\/wp-content\/uploads\/2024\/03\/deepsea5.jpg?fit=1920%2C1919&ssl=1","width":1920,"height":1919},{"@type":"BreadcrumbList","@id":"https:\/\/quuttoys.com\/fr\/produit\/autocollants-de-bain-de-peche-en-haute-mer\/#breadcrumb","itemListElement":[{"@type":"ListItem","position":1,"name":"Home","item":"https:\/\/quuttoys.com\/fr\/"},{"@type":"ListItem","position":2,"name":"All products","item":"https:\/\/quuttoys.com\/all-products\/"},{"@type":"ListItem","position":3,"name":"Autocollants de bain de p\u00eache en haute mer"}]},{"@type":"WebSite","@id":"https:\/\/quuttoys.com\/fr\/#website","url":"https:\/\/quuttoys.com\/fr\/","name":"QUUT","description":"Quality toys quality time - Anywhere anytime","potentialAction":[{"@type":"SearchAction","target":{"@type":"EntryPoint","urlTemplate":"https:\/\/quuttoys.com\/fr\/?s={search_term_string}"},"query-input":{"@type":"PropertyValueSpecification","valueRequired":true,"valueName":"search_term_string"}}],"inLanguage":"fr-FR"}]}},"jetpack_publicize_connections":[],"jetpack_likes_enabled":true,"jetpack_sharing_enabled":true,"amp_enabled":true,"_links":{"self":[{"href":"https:\/\/quuttoys.com\/fr\/wp-json\/wp\/v2\/product\/60434","targetHints":{"allow":["GET"]}}],"collection":[{"href":"https:\/\/quuttoys.com\/fr\/wp-json\/wp\/v2\/product"}],"about":[{"href":"https:\/\/quuttoys.com\/fr\/wp-json\/wp\/v2\/types\/product"}],"wp:featuredmedia":[{"embeddable":true,"href":"https:\/\/quuttoys.com\/fr\/wp-json\/wp\/v2\/media\/52770"}],"wp:attachment":[{"href":"https:\/\/quuttoys.com\/fr\/wp-json\/wp\/v2\/media?parent=60434"}],"wp:term":[{"taxonomy":"product_brand","embeddable":true,"href":"https:\/\/quuttoys.com\/fr\/wp-json\/wp\/v2\/product_brand?post=60434"},{"taxonomy":"product_cat","embeddable":true,"href":"https:\/\/quuttoys.com\/fr\/wp-json\/wp\/v2\/product_cat?post=60434"},{"taxonomy":"product_tag","embeddable":true,"href":"https:\/\/quuttoys.com\/fr\/wp-json\/wp\/v2\/product_tag?post=60434"}],"curies":[{"name":"wp","href":"https:\/\/api.w.org\/{rel}","templated":true}]}}