{"id":60452,"date":"2024-04-24T15:07:47","date_gmt":"2024-04-24T13:07:47","guid":{"rendered":"https:\/\/quuttoys.com\/product\/marelle\/"},"modified":"2026-03-04T14:14:30","modified_gmt":"2026-03-04T13:14:30","slug":"marelle","status":"publish","type":"product","link":"https:\/\/quuttoys.com\/fr\/produit\/marelle\/","title":{"rendered":"Marelle"},"content":{"rendered":"<p>Dimensions : 140 x 70 cm<br \/>\nMat\u00e9riau : 100 % microfibre<br \/>\nDisponible en : Sur la route | Marelle | Cible de l\u2019alphabet | Phare | Bleu Phare | Maison de poup\u00e9e | Jeu de la Garde de l\u2019Oie<br \/>\n: Laver \u00e0 30\u00b0C<\/p>\n","protected":false},"excerpt":{"rendered":"<p>Double le plaisir avec nos serviettes de jeu. Cette serviette de jeu pr\u00e9sente un design unique et deux c\u00f4t\u00e9s. \u00c0 l\u2019avant, il y a un jeu, et \u00e0 l\u2019arri\u00e8re, vous trouverez un motif graphique.  <\/p>\n<ul>\n<li>Disponible en 3 tailles et 9 mod\u00e8les<\/li>\n<li>La microfibre s\u00e8che rapidement et est tr\u00e8s compacte<\/li>\n<li>La taille moyenne a des boutons-pression pour faire une cape<\/li>\n<li>Chaque serviette est livr\u00e9e avec une boucle pratique<\/li>\n<\/ul>\n","protected":false},"featured_media":53294,"template":"","meta":{"_coblocks_attr":"","_coblocks_dimensions":"","_coblocks_responsive_height":"","_coblocks_accordion_ie_support":"","_crdt_document":"","jetpack_post_was_ever_published":false,"jetpack_publicize_message":"","jetpack_publicize_feature_enabled":true,"jetpack_social_post_already_shared":true,"jetpack_social_options":{"image_generator_settings":{"template":"highway","default_image_id":0,"font":"","enabled":false},"version":2},"_wpas_customize_per_network":false},"product_brand":[],"product_cat":[21002,21003],"product_tag":[],"class_list":{"0":"post-60452","1":"product","2":"type-product","3":"status-publish","4":"has-post-thumbnail","6":"product_cat-playtowelm","7":"product_cat-playtowelmedium","9":"first","10":"instock","11":"shipping-taxable","12":"product-type-simple"},"yoast_head":"<!-- This site is optimized with the Yoast SEO plugin v27.2 - https:\/\/yoast.com\/product\/yoast-seo-wordpress\/ -->\n<title>Marelle - QUUT<\/title>\n<meta name=\"description\" content=\"Cette serviette de jeu pr\u00e9sente un design unique et deux c\u00f4t\u00e9s. \u00c0 l\u2019avant, il y a un jeu, et \u00e0 l\u2019arri\u00e8re, vous trouverez un motif graphique.\" \/>\n<meta name=\"robots\" content=\"index, follow, max-snippet:-1, max-image-preview:large, max-video-preview:-1\" \/>\n<link rel=\"canonical\" href=\"https:\/\/quuttoys.com\/fr\/produit\/marelle\/\" \/>\n<meta property=\"og:locale\" content=\"fr_FR\" \/>\n<meta property=\"og:type\" content=\"article\" \/>\n<meta property=\"og:title\" content=\"Marelle - QUUT\" \/>\n<meta property=\"og:description\" content=\"Cette serviette de jeu pr\u00e9sente un design unique et deux c\u00f4t\u00e9s. \u00c0 l\u2019avant, il y a un jeu, et \u00e0 l\u2019arri\u00e8re, vous trouverez un motif graphique.\" \/>\n<meta property=\"og:url\" content=\"https:\/\/quuttoys.com\/fr\/produit\/marelle\/\" \/>\n<meta property=\"og:site_name\" content=\"QUUT\" \/>\n<meta property=\"article:modified_time\" content=\"2026-03-04T13:14:30+00:00\" \/>\n<meta property=\"og:image\" content=\"https:\/\/i0.wp.com\/quuttoys.com\/wp-content\/uploads\/2024\/04\/Medium-Hopscotch-1-scaled.jpg?fit=2560%2C2560&ssl=1\" \/>\n\t<meta property=\"og:image:width\" content=\"2560\" \/>\n\t<meta property=\"og:image:height\" content=\"2560\" \/>\n\t<meta property=\"og:image:type\" content=\"image\/jpeg\" \/>\n<meta name=\"twitter:card\" content=\"summary_large_image\" \/>\n<script type=\"application\/ld+json\" class=\"yoast-schema-graph\">{\"@context\":\"https:\/\/schema.org\",\"@graph\":[{\"@type\":\"WebPage\",\"@id\":\"https:\/\/quuttoys.com\/fr\/produit\/marelle\/\",\"url\":\"https:\/\/quuttoys.com\/fr\/produit\/marelle\/\",\"name\":\"Marelle - QUUT\",\"isPartOf\":{\"@id\":\"https:\/\/quuttoys.com\/fr\/#website\"},\"primaryImageOfPage\":{\"@id\":\"https:\/\/quuttoys.com\/fr\/produit\/marelle\/#primaryimage\"},\"image\":{\"@id\":\"https:\/\/quuttoys.com\/fr\/produit\/marelle\/#primaryimage\"},\"thumbnailUrl\":\"https:\/\/i0.wp.com\/quuttoys.com\/wp-content\/uploads\/2024\/04\/Medium-Hopscotch-1-scaled.jpg?fit=2560%2C2560&ssl=1\",\"datePublished\":\"2024-04-24T13:07:47+00:00\",\"dateModified\":\"2026-03-04T13:14:30+00:00\",\"description\":\"Cette serviette de jeu pr\u00e9sente un design unique et deux c\u00f4t\u00e9s. \u00c0 l\u2019avant, il y a un jeu, et \u00e0 l\u2019arri\u00e8re, vous trouverez un motif graphique.\",\"breadcrumb\":{\"@id\":\"https:\/\/quuttoys.com\/fr\/produit\/marelle\/#breadcrumb\"},\"inLanguage\":\"fr-FR\",\"potentialAction\":[{\"@type\":\"ReadAction\",\"target\":[\"https:\/\/quuttoys.com\/fr\/produit\/marelle\/\"]}]},{\"@type\":\"ImageObject\",\"inLanguage\":\"fr-FR\",\"@id\":\"https:\/\/quuttoys.com\/fr\/produit\/marelle\/#primaryimage\",\"url\":\"https:\/\/i0.wp.com\/quuttoys.com\/wp-content\/uploads\/2024\/04\/Medium-Hopscotch-1-scaled.jpg?fit=2560%2C2560&ssl=1\",\"contentUrl\":\"https:\/\/i0.wp.com\/quuttoys.com\/wp-content\/uploads\/2024\/04\/Medium-Hopscotch-1-scaled.jpg?fit=2560%2C2560&ssl=1\",\"width\":2560,\"height\":2560},{\"@type\":\"BreadcrumbList\",\"@id\":\"https:\/\/quuttoys.com\/fr\/produit\/marelle\/#breadcrumb\",\"itemListElement\":[{\"@type\":\"ListItem\",\"position\":1,\"name\":\"Home\",\"item\":\"https:\/\/quuttoys.com\/fr\/\"},{\"@type\":\"ListItem\",\"position\":2,\"name\":\"All products\",\"item\":\"https:\/\/quuttoys.com\/all-products\/\"},{\"@type\":\"ListItem\",\"position\":3,\"name\":\"Marelle\"}]},{\"@type\":\"WebSite\",\"@id\":\"https:\/\/quuttoys.com\/fr\/#website\",\"url\":\"https:\/\/quuttoys.com\/fr\/\",\"name\":\"QUUT\",\"description\":\"Quality toys quality time - Anywhere anytime\",\"potentialAction\":[{\"@type\":\"SearchAction\",\"target\":{\"@type\":\"EntryPoint\",\"urlTemplate\":\"https:\/\/quuttoys.com\/fr\/?s={search_term_string}\"},\"query-input\":{\"@type\":\"PropertyValueSpecification\",\"valueRequired\":true,\"valueName\":\"search_term_string\"}}],\"inLanguage\":\"fr-FR\"}]}<\/script>\n<!-- \/ Yoast SEO plugin. -->","yoast_head_json":{"title":"Marelle - QUUT","description":"Cette serviette de jeu pr\u00e9sente un design unique et deux c\u00f4t\u00e9s. \u00c0 l\u2019avant, il y a un jeu, et \u00e0 l\u2019arri\u00e8re, vous trouverez un motif graphique.","robots":{"index":"index","follow":"follow","max-snippet":"max-snippet:-1","max-image-preview":"max-image-preview:large","max-video-preview":"max-video-preview:-1"},"canonical":"https:\/\/quuttoys.com\/fr\/produit\/marelle\/","og_locale":"fr_FR","og_type":"article","og_title":"Marelle - QUUT","og_description":"Cette serviette de jeu pr\u00e9sente un design unique et deux c\u00f4t\u00e9s. \u00c0 l\u2019avant, il y a un jeu, et \u00e0 l\u2019arri\u00e8re, vous trouverez un motif graphique.","og_url":"https:\/\/quuttoys.com\/fr\/produit\/marelle\/","og_site_name":"QUUT","article_modified_time":"2026-03-04T13:14:30+00:00","og_image":[{"width":2560,"height":2560,"url":"https:\/\/i0.wp.com\/quuttoys.com\/wp-content\/uploads\/2024\/04\/Medium-Hopscotch-1-scaled.jpg?fit=2560%2C2560&ssl=1","type":"image\/jpeg"}],"twitter_card":"summary_large_image","schema":{"@context":"https:\/\/schema.org","@graph":[{"@type":"WebPage","@id":"https:\/\/quuttoys.com\/fr\/produit\/marelle\/","url":"https:\/\/quuttoys.com\/fr\/produit\/marelle\/","name":"Marelle - QUUT","isPartOf":{"@id":"https:\/\/quuttoys.com\/fr\/#website"},"primaryImageOfPage":{"@id":"https:\/\/quuttoys.com\/fr\/produit\/marelle\/#primaryimage"},"image":{"@id":"https:\/\/quuttoys.com\/fr\/produit\/marelle\/#primaryimage"},"thumbnailUrl":"https:\/\/i0.wp.com\/quuttoys.com\/wp-content\/uploads\/2024\/04\/Medium-Hopscotch-1-scaled.jpg?fit=2560%2C2560&ssl=1","datePublished":"2024-04-24T13:07:47+00:00","dateModified":"2026-03-04T13:14:30+00:00","description":"Cette serviette de jeu pr\u00e9sente un design unique et deux c\u00f4t\u00e9s. \u00c0 l\u2019avant, il y a un jeu, et \u00e0 l\u2019arri\u00e8re, vous trouverez un motif graphique.","breadcrumb":{"@id":"https:\/\/quuttoys.com\/fr\/produit\/marelle\/#breadcrumb"},"inLanguage":"fr-FR","potentialAction":[{"@type":"ReadAction","target":["https:\/\/quuttoys.com\/fr\/produit\/marelle\/"]}]},{"@type":"ImageObject","inLanguage":"fr-FR","@id":"https:\/\/quuttoys.com\/fr\/produit\/marelle\/#primaryimage","url":"https:\/\/i0.wp.com\/quuttoys.com\/wp-content\/uploads\/2024\/04\/Medium-Hopscotch-1-scaled.jpg?fit=2560%2C2560&ssl=1","contentUrl":"https:\/\/i0.wp.com\/quuttoys.com\/wp-content\/uploads\/2024\/04\/Medium-Hopscotch-1-scaled.jpg?fit=2560%2C2560&ssl=1","width":2560,"height":2560},{"@type":"BreadcrumbList","@id":"https:\/\/quuttoys.com\/fr\/produit\/marelle\/#breadcrumb","itemListElement":[{"@type":"ListItem","position":1,"name":"Home","item":"https:\/\/quuttoys.com\/fr\/"},{"@type":"ListItem","position":2,"name":"All products","item":"https:\/\/quuttoys.com\/all-products\/"},{"@type":"ListItem","position":3,"name":"Marelle"}]},{"@type":"WebSite","@id":"https:\/\/quuttoys.com\/fr\/#website","url":"https:\/\/quuttoys.com\/fr\/","name":"QUUT","description":"Quality toys quality time - Anywhere anytime","potentialAction":[{"@type":"SearchAction","target":{"@type":"EntryPoint","urlTemplate":"https:\/\/quuttoys.com\/fr\/?s={search_term_string}"},"query-input":{"@type":"PropertyValueSpecification","valueRequired":true,"valueName":"search_term_string"}}],"inLanguage":"fr-FR"}]}},"jetpack_publicize_connections":[],"jetpack_likes_enabled":true,"jetpack_sharing_enabled":true,"amp_enabled":true,"_links":{"self":[{"href":"https:\/\/quuttoys.com\/fr\/wp-json\/wp\/v2\/product\/60452","targetHints":{"allow":["GET"]}}],"collection":[{"href":"https:\/\/quuttoys.com\/fr\/wp-json\/wp\/v2\/product"}],"about":[{"href":"https:\/\/quuttoys.com\/fr\/wp-json\/wp\/v2\/types\/product"}],"wp:featuredmedia":[{"embeddable":true,"href":"https:\/\/quuttoys.com\/fr\/wp-json\/wp\/v2\/media\/53294"}],"wp:attachment":[{"href":"https:\/\/quuttoys.com\/fr\/wp-json\/wp\/v2\/media?parent=60452"}],"wp:term":[{"taxonomy":"product_brand","embeddable":true,"href":"https:\/\/quuttoys.com\/fr\/wp-json\/wp\/v2\/product_brand?post=60452"},{"taxonomy":"product_cat","embeddable":true,"href":"https:\/\/quuttoys.com\/fr\/wp-json\/wp\/v2\/product_cat?post=60452"},{"taxonomy":"product_tag","embeddable":true,"href":"https:\/\/quuttoys.com\/fr\/wp-json\/wp\/v2\/product_tag?post=60452"}],"curies":[{"name":"wp","href":"https:\/\/api.w.org\/{rel}","templated":true}]}}