{"id":60466,"date":"2024-09-02T11:04:51","date_gmt":"2024-09-02T09:04:51","guid":{"rendered":"https:\/\/quuttoys.com\/product\/skippi-3\/"},"modified":"2026-03-04T14:25:24","modified_gmt":"2026-03-04T13:25:24","slug":"skippi-3","status":"publish","type":"product","link":"https:\/\/quuttoys.com\/fr\/produit\/skippi-3\/","title":{"rendered":"Skippi"},"content":{"rendered":"<h3 class=\"fusion-woocommerce-tab-title fusion-responsive-typography-calculated\" data-fontsize=\"20\" data-lineheight=\"37.6px\">Description<\/h3>\n<p>Couleur : Lavande<br \/>\nTaille : 35 x 46<span class=\"Apple-converted-space\">  <\/span>cm | 14 x 18 pouces<span class=\"Apple-converted-space\"> <\/span><br \/>\nMat\u00e9riau : Vinyle \u00e9pais et durable<\/p>\n<p>\u00c9galement disponibles dans d\u2019autres couleurs :<br \/>\n Vert Jardin et Menthe<\/p>\n<p>Nous recommandons la surveillance d\u2019un adulte et veillez \u00e0 \u00e9viter les escaliers, les routes et les surfaces glissantes.<br \/>\nGardez ce jouet \u00e0 l\u2019\u00e9cart du feu et des sources de chaleur.<br \/>\n\u00c9vitez le contact avec les surfaces vernies ou peintes pour \u00e9viter toute d\u00e9coloration.<\/p>\n<p>&nbsp;<\/p>\n<h3 class=\"fusion-responsive-typography-calculated\" data-fontsize=\"16\" data-lineheight=\"30.08px\">Le saviez-vous?<\/h3>\n<p><em>Tous les produits sont sans BPA ni latex et sont bien s\u00fbr recyclables. Chez Quut nous sommes persuad\u00e9s que lorsque se cr\u00e9e une histoire d\u2019amour avec son jouet pr\u00e9f\u00e9r\u00e9 on le garde soigneusement. Et ainsi il sera transmis de g\u00e9n\u00e9ration en g\u00e9n\u00e9ration. La durabilit\u00e9 au niveau sup\u00e9rieur!<\/em><\/p>\n","protected":false},"excerpt":{"rendered":"<p>Un ami sautissant rien que pour toi !<br \/>\nCe Skippi adorable est l\u00e0 pour rendre les moments de jeu encore plus amusants et excitants.<br \/>\nAvec son corps doux et color\u00e9, il est parfait pour que les petits enfants sautent partout et passent un excellent moment. Ce compagnon rebondissant aide aussi \u00e0 am\u00e9liorer la cr\u00e9ativit\u00e9, l\u2019\u00e9quilibre, la coordination et la force musculaire. Que vous jouiez \u00e0 l\u2019int\u00e9rieur ou \u00e0 l\u2019ext\u00e9rieur, Skippi sera le fid\u00e8le compagnon de votre petit.  <\/p>\n[fusion_checklist icon=\"ok\" iconcolor=\"#aaaaaa\" circle=\"no\"]<\/p>\n<ul>\n<li>Vinyle \u00e9pais et durable<\/li>\n<li>Sans danger pour la peau de votre enfant<\/li>\n<li>Hauteur des si\u00e8ges : 25 cm<\/li>\n<li>Poids maximal recommand\u00e9 : 50 kg (100 lbs)<\/li>\n<li>Rapide \u00e0 gonfler et \u00e0 d\u00e9gonfler<span class=\"Apple-converted-space\"> <\/span><\/li>\n<li>Transport et stockage faciles<\/li>\n<\/ul>\n<p>[\/fusion_checklist]\n","protected":false},"featured_media":53855,"template":"","meta":{"_coblocks_attr":"","_coblocks_dimensions":"","_coblocks_responsive_height":"","_coblocks_accordion_ie_support":"","_crdt_document":"","jetpack_post_was_ever_published":false,"jetpack_publicize_message":"","jetpack_publicize_feature_enabled":true,"jetpack_social_post_already_shared":true,"jetpack_social_options":{"image_generator_settings":{"template":"highway","default_image_id":0,"font":"","enabled":false},"version":2},"_wpas_customize_per_network":false},"product_brand":[],"product_cat":[21014,21025],"product_tag":[],"class_list":{"0":"post-60466","1":"product","2":"type-product","3":"status-publish","4":"has-post-thumbnail","6":"product_cat-lavande","7":"product_cat-skippi","9":"first","10":"instock","11":"shipping-taxable","12":"product-type-simple"},"yoast_head":"<!-- This site is optimized with the Yoast SEO plugin v27.2 - https:\/\/yoast.com\/product\/yoast-seo-wordpress\/ -->\n<title>Skippi - QUUT<\/title>\n<meta name=\"description\" content=\"Ce Skippi adorable est l\u00e0 pour rendre les moments de jeu encore plus amusants et excitants.\" \/>\n<meta name=\"robots\" content=\"index, follow, max-snippet:-1, max-image-preview:large, max-video-preview:-1\" \/>\n<link rel=\"canonical\" href=\"https:\/\/quuttoys.com\/fr\/produit\/skippi-3\/\" \/>\n<meta property=\"og:locale\" content=\"fr_FR\" \/>\n<meta property=\"og:type\" content=\"article\" \/>\n<meta property=\"og:title\" content=\"Skippi - QUUT\" \/>\n<meta property=\"og:description\" content=\"Ce Skippi adorable est l\u00e0 pour rendre les moments de jeu encore plus amusants et excitants.\" \/>\n<meta property=\"og:url\" content=\"https:\/\/quuttoys.com\/fr\/produit\/skippi-3\/\" \/>\n<meta property=\"og:site_name\" content=\"QUUT\" \/>\n<meta property=\"article:modified_time\" content=\"2026-03-04T13:25:24+00:00\" \/>\n<meta property=\"og:image\" content=\"https:\/\/i0.wp.com\/quuttoys.com\/wp-content\/uploads\/2024\/09\/Skippi-Lavender-3.jpg?fit=1920%2C1920&ssl=1\" \/>\n\t<meta property=\"og:image:width\" content=\"1920\" \/>\n\t<meta property=\"og:image:height\" content=\"1920\" \/>\n\t<meta property=\"og:image:type\" content=\"image\/jpeg\" \/>\n<meta name=\"twitter:card\" content=\"summary_large_image\" \/>\n<meta name=\"twitter:label1\" content=\"Dur\u00e9e de lecture estim\u00e9e\" \/>\n\t<meta name=\"twitter:data1\" content=\"1 minute\" \/>\n<script type=\"application\/ld+json\" class=\"yoast-schema-graph\">{\"@context\":\"https:\/\/schema.org\",\"@graph\":[{\"@type\":\"WebPage\",\"@id\":\"https:\/\/quuttoys.com\/fr\/produit\/skippi-3\/\",\"url\":\"https:\/\/quuttoys.com\/fr\/produit\/skippi-3\/\",\"name\":\"Skippi - QUUT\",\"isPartOf\":{\"@id\":\"https:\/\/quuttoys.com\/fr\/#website\"},\"primaryImageOfPage\":{\"@id\":\"https:\/\/quuttoys.com\/fr\/produit\/skippi-3\/#primaryimage\"},\"image\":{\"@id\":\"https:\/\/quuttoys.com\/fr\/produit\/skippi-3\/#primaryimage\"},\"thumbnailUrl\":\"https:\/\/i0.wp.com\/quuttoys.com\/wp-content\/uploads\/2024\/09\/Skippi-Lavender-3.jpg?fit=1920%2C1920&ssl=1\",\"datePublished\":\"2024-09-02T09:04:51+00:00\",\"dateModified\":\"2026-03-04T13:25:24+00:00\",\"description\":\"Ce Skippi adorable est l\u00e0 pour rendre les moments de jeu encore plus amusants et excitants.\",\"breadcrumb\":{\"@id\":\"https:\/\/quuttoys.com\/fr\/produit\/skippi-3\/#breadcrumb\"},\"inLanguage\":\"fr-FR\",\"potentialAction\":[{\"@type\":\"ReadAction\",\"target\":[\"https:\/\/quuttoys.com\/fr\/produit\/skippi-3\/\"]}]},{\"@type\":\"ImageObject\",\"inLanguage\":\"fr-FR\",\"@id\":\"https:\/\/quuttoys.com\/fr\/produit\/skippi-3\/#primaryimage\",\"url\":\"https:\/\/i0.wp.com\/quuttoys.com\/wp-content\/uploads\/2024\/09\/Skippi-Lavender-3.jpg?fit=1920%2C1920&ssl=1\",\"contentUrl\":\"https:\/\/i0.wp.com\/quuttoys.com\/wp-content\/uploads\/2024\/09\/Skippi-Lavender-3.jpg?fit=1920%2C1920&ssl=1\",\"width\":1920,\"height\":1920},{\"@type\":\"BreadcrumbList\",\"@id\":\"https:\/\/quuttoys.com\/fr\/produit\/skippi-3\/#breadcrumb\",\"itemListElement\":[{\"@type\":\"ListItem\",\"position\":1,\"name\":\"Home\",\"item\":\"https:\/\/quuttoys.com\/fr\/\"},{\"@type\":\"ListItem\",\"position\":2,\"name\":\"All products\",\"item\":\"https:\/\/quuttoys.com\/all-products\/\"},{\"@type\":\"ListItem\",\"position\":3,\"name\":\"Skippi\"}]},{\"@type\":\"WebSite\",\"@id\":\"https:\/\/quuttoys.com\/fr\/#website\",\"url\":\"https:\/\/quuttoys.com\/fr\/\",\"name\":\"QUUT\",\"description\":\"Quality toys quality time - Anywhere anytime\",\"potentialAction\":[{\"@type\":\"SearchAction\",\"target\":{\"@type\":\"EntryPoint\",\"urlTemplate\":\"https:\/\/quuttoys.com\/fr\/?s={search_term_string}\"},\"query-input\":{\"@type\":\"PropertyValueSpecification\",\"valueRequired\":true,\"valueName\":\"search_term_string\"}}],\"inLanguage\":\"fr-FR\"}]}<\/script>\n<!-- \/ Yoast SEO plugin. -->","yoast_head_json":{"title":"Skippi - QUUT","description":"Ce Skippi adorable est l\u00e0 pour rendre les moments de jeu encore plus amusants et excitants.","robots":{"index":"index","follow":"follow","max-snippet":"max-snippet:-1","max-image-preview":"max-image-preview:large","max-video-preview":"max-video-preview:-1"},"canonical":"https:\/\/quuttoys.com\/fr\/produit\/skippi-3\/","og_locale":"fr_FR","og_type":"article","og_title":"Skippi - QUUT","og_description":"Ce Skippi adorable est l\u00e0 pour rendre les moments de jeu encore plus amusants et excitants.","og_url":"https:\/\/quuttoys.com\/fr\/produit\/skippi-3\/","og_site_name":"QUUT","article_modified_time":"2026-03-04T13:25:24+00:00","og_image":[{"width":1920,"height":1920,"url":"https:\/\/i0.wp.com\/quuttoys.com\/wp-content\/uploads\/2024\/09\/Skippi-Lavender-3.jpg?fit=1920%2C1920&ssl=1","type":"image\/jpeg"}],"twitter_card":"summary_large_image","twitter_misc":{"Dur\u00e9e de lecture estim\u00e9e":"1 minute"},"schema":{"@context":"https:\/\/schema.org","@graph":[{"@type":"WebPage","@id":"https:\/\/quuttoys.com\/fr\/produit\/skippi-3\/","url":"https:\/\/quuttoys.com\/fr\/produit\/skippi-3\/","name":"Skippi - QUUT","isPartOf":{"@id":"https:\/\/quuttoys.com\/fr\/#website"},"primaryImageOfPage":{"@id":"https:\/\/quuttoys.com\/fr\/produit\/skippi-3\/#primaryimage"},"image":{"@id":"https:\/\/quuttoys.com\/fr\/produit\/skippi-3\/#primaryimage"},"thumbnailUrl":"https:\/\/i0.wp.com\/quuttoys.com\/wp-content\/uploads\/2024\/09\/Skippi-Lavender-3.jpg?fit=1920%2C1920&ssl=1","datePublished":"2024-09-02T09:04:51+00:00","dateModified":"2026-03-04T13:25:24+00:00","description":"Ce Skippi adorable est l\u00e0 pour rendre les moments de jeu encore plus amusants et excitants.","breadcrumb":{"@id":"https:\/\/quuttoys.com\/fr\/produit\/skippi-3\/#breadcrumb"},"inLanguage":"fr-FR","potentialAction":[{"@type":"ReadAction","target":["https:\/\/quuttoys.com\/fr\/produit\/skippi-3\/"]}]},{"@type":"ImageObject","inLanguage":"fr-FR","@id":"https:\/\/quuttoys.com\/fr\/produit\/skippi-3\/#primaryimage","url":"https:\/\/i0.wp.com\/quuttoys.com\/wp-content\/uploads\/2024\/09\/Skippi-Lavender-3.jpg?fit=1920%2C1920&ssl=1","contentUrl":"https:\/\/i0.wp.com\/quuttoys.com\/wp-content\/uploads\/2024\/09\/Skippi-Lavender-3.jpg?fit=1920%2C1920&ssl=1","width":1920,"height":1920},{"@type":"BreadcrumbList","@id":"https:\/\/quuttoys.com\/fr\/produit\/skippi-3\/#breadcrumb","itemListElement":[{"@type":"ListItem","position":1,"name":"Home","item":"https:\/\/quuttoys.com\/fr\/"},{"@type":"ListItem","position":2,"name":"All products","item":"https:\/\/quuttoys.com\/all-products\/"},{"@type":"ListItem","position":3,"name":"Skippi"}]},{"@type":"WebSite","@id":"https:\/\/quuttoys.com\/fr\/#website","url":"https:\/\/quuttoys.com\/fr\/","name":"QUUT","description":"Quality toys quality time - Anywhere anytime","potentialAction":[{"@type":"SearchAction","target":{"@type":"EntryPoint","urlTemplate":"https:\/\/quuttoys.com\/fr\/?s={search_term_string}"},"query-input":{"@type":"PropertyValueSpecification","valueRequired":true,"valueName":"search_term_string"}}],"inLanguage":"fr-FR"}]}},"jetpack_publicize_connections":[],"jetpack_likes_enabled":true,"jetpack_sharing_enabled":true,"amp_enabled":true,"_links":{"self":[{"href":"https:\/\/quuttoys.com\/fr\/wp-json\/wp\/v2\/product\/60466","targetHints":{"allow":["GET"]}}],"collection":[{"href":"https:\/\/quuttoys.com\/fr\/wp-json\/wp\/v2\/product"}],"about":[{"href":"https:\/\/quuttoys.com\/fr\/wp-json\/wp\/v2\/types\/product"}],"wp:featuredmedia":[{"embeddable":true,"href":"https:\/\/quuttoys.com\/fr\/wp-json\/wp\/v2\/media\/53855"}],"wp:attachment":[{"href":"https:\/\/quuttoys.com\/fr\/wp-json\/wp\/v2\/media?parent=60466"}],"wp:term":[{"taxonomy":"product_brand","embeddable":true,"href":"https:\/\/quuttoys.com\/fr\/wp-json\/wp\/v2\/product_brand?post=60466"},{"taxonomy":"product_cat","embeddable":true,"href":"https:\/\/quuttoys.com\/fr\/wp-json\/wp\/v2\/product_cat?post=60466"},{"taxonomy":"product_tag","embeddable":true,"href":"https:\/\/quuttoys.com\/fr\/wp-json\/wp\/v2\/product_tag?post=60466"}],"curies":[{"name":"wp","href":"https:\/\/api.w.org\/{rel}","templated":true}]}}