{"id":60486,"date":"2022-08-17T14:58:17","date_gmt":"2022-08-17T12:58:17","guid":{"rendered":"https:\/\/quuttoys.com\/product\/squeezi-rocket\/"},"modified":"2026-03-04T14:25:54","modified_gmt":"2026-03-04T13:25:54","slug":"squeezi-rocket","status":"publish","type":"product","link":"https:\/\/quuttoys.com\/fr\/produit\/squeezi-rocket\/","title":{"rendered":"Squeezi Rocket"},"content":{"rendered":"<p>Couleur : Vintage Blue &amp; Orange<br \/>\nTaille : 14 x 17,6 x 18,7 cm | 5,5 x 6,9 x 7,3 pouces<br \/>\nPoids : \u00b1 200 gr | 0,4 livre<br \/>\nMat\u00e9riau : Silicone<\/p>\n<h3>Le saviez-vous?<\/h3>\n<p><em>Tous les produits sont sans BPA, phtalates, sans latex et sont bien s\u00fbr recyclables. Quut croit que cr\u00e9er une histoire d\u2019amour avec son jouet pr\u00e9f\u00e9r\u00e9 signifie que ce jouet durera toute une vie. Il peut m\u00eame \u00eatre transmis \u00e0 la g\u00e9n\u00e9ration suivante. Une durabilit\u00e9 \u00e0 un niveau sup\u00e9rieur !   <\/em><\/p>\n","protected":false},"excerpt":{"rendered":"<div class=\"ewa-rteLine\">\u00c9crasez, \u00e9crasez, pressez, le plaisir du bain est devenu facile !<\/div>\n<div class=\"ewa-rteLine\">Pr\u00eat au d\u00e9collage ? 1, 2, 3, GO ! La fus\u00e9e Squeezi peut \u00eatre facilement remplie d\u2019eau par les plus petites mains. Pressez-le pendant le d\u00e9collage et, une fois votre voyage spatial termin\u00e9, laissez-le atterrir sur l\u2019eau o\u00f9 il flottera en toute s\u00e9curit\u00e9.   <\/div>\n[fusion_checklist icon=\"ok\" iconcolor=\"#aaaaaa\" circle=\"no\"]<\/p>\n<ul>\n<li>Parfait pour la coordination \u0153il-main<\/li>\n<li>Favorise le jeu cr\u00e9atif et la motricit\u00e9 fine<\/li>\n<li>Facile \u00e0 jouer avec de petites mains<\/li>\n<li>100 % silicone, donc sans moisissure<\/li>\n<li>Facile \u00e0 nettoyer<\/li>\n<li>Pas de substances nocives (pas de BPA, de phtalates, de latex, &#8230;)<\/li>\n<\/ul>\n<p>[\/fusion_checklist]\n","protected":false},"featured_media":50746,"template":"","meta":{"_coblocks_attr":"","_coblocks_dimensions":"","_coblocks_responsive_height":"","_coblocks_accordion_ie_support":"","_crdt_document":"","jetpack_publicize_message":"","jetpack_publicize_feature_enabled":true,"jetpack_social_post_already_shared":true,"jetpack_social_options":{"image_generator_settings":{"template":"highway","default_image_id":0,"font":"","enabled":false},"version":2},"_wpas_customize_per_network":false},"product_brand":[],"product_cat":[21013],"product_tag":[],"class_list":{"0":"post-60486","1":"product","2":"type-product","3":"status-publish","4":"has-post-thumbnail","6":"product_cat-squeezi","8":"first","9":"instock","10":"shipping-taxable","11":"product-type-simple"},"yoast_head":"<!-- This site is optimized with the Yoast SEO plugin v27.4 - https:\/\/yoast.com\/product\/yoast-seo-wordpress\/ -->\n<title>Squeezi Rocket - QUUT<\/title>\n<meta name=\"robots\" content=\"index, follow, max-snippet:-1, max-image-preview:large, max-video-preview:-1\" \/>\n<link rel=\"canonical\" href=\"https:\/\/quuttoys.com\/fr\/produit\/squeezi-rocket\/\" \/>\n<meta property=\"og:locale\" content=\"fr_FR\" \/>\n<meta property=\"og:type\" content=\"article\" \/>\n<meta property=\"og:title\" content=\"Squeezi Rocket - QUUT\" \/>\n<meta property=\"og:description\" content=\"\u00c9crasez, \u00e9crasez, pressez, le plaisir du bain est devenu facile ! Pr\u00eat au d\u00e9collage ? 1, 2, 3, GO ! La fus\u00e9e Squeezi peut \u00eatre facilement remplie d\u2019eau par les plus petites mains. Pressez-le pendant le d\u00e9collage et, une fois votre voyage spatial termin\u00e9, laissez-le atterrir sur l\u2019eau o\u00f9 il flottera en toute s\u00e9curit\u00e9.\" \/>\n<meta property=\"og:url\" content=\"https:\/\/quuttoys.com\/fr\/produit\/squeezi-rocket\/\" \/>\n<meta property=\"og:site_name\" content=\"QUUT\" \/>\n<meta property=\"article:modified_time\" content=\"2026-03-04T13:25:54+00:00\" \/>\n<meta property=\"og:image\" content=\"https:\/\/i0.wp.com\/quuttoys.com\/wp-content\/uploads\/2022\/08\/173229-Squeezi-Rocket-1-1.jpg?fit=1870%2C1870&ssl=1\" \/>\n\t<meta property=\"og:image:width\" content=\"1870\" \/>\n\t<meta property=\"og:image:height\" content=\"1870\" \/>\n\t<meta property=\"og:image:type\" content=\"image\/jpeg\" \/>\n<meta name=\"twitter:card\" content=\"summary_large_image\" \/>\n<script type=\"application\/ld+json\" class=\"yoast-schema-graph\">{\"@context\":\"https:\\\/\\\/schema.org\",\"@graph\":[{\"@type\":\"WebPage\",\"@id\":\"https:\\\/\\\/quuttoys.com\\\/fr\\\/produit\\\/squeezi-rocket\\\/\",\"url\":\"https:\\\/\\\/quuttoys.com\\\/fr\\\/produit\\\/squeezi-rocket\\\/\",\"name\":\"Squeezi Rocket - QUUT\",\"isPartOf\":{\"@id\":\"https:\\\/\\\/quuttoys.com\\\/fr\\\/#website\"},\"primaryImageOfPage\":{\"@id\":\"https:\\\/\\\/quuttoys.com\\\/fr\\\/produit\\\/squeezi-rocket\\\/#primaryimage\"},\"image\":{\"@id\":\"https:\\\/\\\/quuttoys.com\\\/fr\\\/produit\\\/squeezi-rocket\\\/#primaryimage\"},\"thumbnailUrl\":\"https:\\\/\\\/i0.wp.com\\\/quuttoys.com\\\/wp-content\\\/uploads\\\/2022\\\/08\\\/173229-Squeezi-Rocket-1-1.jpg?fit=1870%2C1870&ssl=1\",\"datePublished\":\"2022-08-17T12:58:17+00:00\",\"dateModified\":\"2026-03-04T13:25:54+00:00\",\"breadcrumb\":{\"@id\":\"https:\\\/\\\/quuttoys.com\\\/fr\\\/produit\\\/squeezi-rocket\\\/#breadcrumb\"},\"inLanguage\":\"fr-FR\",\"potentialAction\":[{\"@type\":\"ReadAction\",\"target\":[\"https:\\\/\\\/quuttoys.com\\\/fr\\\/produit\\\/squeezi-rocket\\\/\"]}]},{\"@type\":\"ImageObject\",\"inLanguage\":\"fr-FR\",\"@id\":\"https:\\\/\\\/quuttoys.com\\\/fr\\\/produit\\\/squeezi-rocket\\\/#primaryimage\",\"url\":\"https:\\\/\\\/i0.wp.com\\\/quuttoys.com\\\/wp-content\\\/uploads\\\/2022\\\/08\\\/173229-Squeezi-Rocket-1-1.jpg?fit=1870%2C1870&ssl=1\",\"contentUrl\":\"https:\\\/\\\/i0.wp.com\\\/quuttoys.com\\\/wp-content\\\/uploads\\\/2022\\\/08\\\/173229-Squeezi-Rocket-1-1.jpg?fit=1870%2C1870&ssl=1\",\"width\":1870,\"height\":1870},{\"@type\":\"BreadcrumbList\",\"@id\":\"https:\\\/\\\/quuttoys.com\\\/fr\\\/produit\\\/squeezi-rocket\\\/#breadcrumb\",\"itemListElement\":[{\"@type\":\"ListItem\",\"position\":1,\"name\":\"Home\",\"item\":\"https:\\\/\\\/quuttoys.com\\\/fr\\\/\"},{\"@type\":\"ListItem\",\"position\":2,\"name\":\"All products\",\"item\":\"https:\\\/\\\/quuttoys.com\\\/all-products\\\/\"},{\"@type\":\"ListItem\",\"position\":3,\"name\":\"Squeezi Rocket\"}]},{\"@type\":\"WebSite\",\"@id\":\"https:\\\/\\\/quuttoys.com\\\/fr\\\/#website\",\"url\":\"https:\\\/\\\/quuttoys.com\\\/fr\\\/\",\"name\":\"QUUT\",\"description\":\"Quality toys quality time - Anywhere anytime\",\"potentialAction\":[{\"@type\":\"SearchAction\",\"target\":{\"@type\":\"EntryPoint\",\"urlTemplate\":\"https:\\\/\\\/quuttoys.com\\\/fr\\\/?s={search_term_string}\"},\"query-input\":{\"@type\":\"PropertyValueSpecification\",\"valueRequired\":true,\"valueName\":\"search_term_string\"}}],\"inLanguage\":\"fr-FR\"}]}<\/script>\n<!-- \/ Yoast SEO plugin. -->","yoast_head_json":{"title":"Squeezi Rocket - QUUT","robots":{"index":"index","follow":"follow","max-snippet":"max-snippet:-1","max-image-preview":"max-image-preview:large","max-video-preview":"max-video-preview:-1"},"canonical":"https:\/\/quuttoys.com\/fr\/produit\/squeezi-rocket\/","og_locale":"fr_FR","og_type":"article","og_title":"Squeezi Rocket - QUUT","og_description":"\u00c9crasez, \u00e9crasez, pressez, le plaisir du bain est devenu facile ! Pr\u00eat au d\u00e9collage ? 1, 2, 3, GO ! La fus\u00e9e Squeezi peut \u00eatre facilement remplie d\u2019eau par les plus petites mains. Pressez-le pendant le d\u00e9collage et, une fois votre voyage spatial termin\u00e9, laissez-le atterrir sur l\u2019eau o\u00f9 il flottera en toute s\u00e9curit\u00e9.","og_url":"https:\/\/quuttoys.com\/fr\/produit\/squeezi-rocket\/","og_site_name":"QUUT","article_modified_time":"2026-03-04T13:25:54+00:00","og_image":[{"width":1870,"height":1870,"url":"https:\/\/i0.wp.com\/quuttoys.com\/wp-content\/uploads\/2022\/08\/173229-Squeezi-Rocket-1-1.jpg?fit=1870%2C1870&ssl=1","type":"image\/jpeg"}],"twitter_card":"summary_large_image","schema":{"@context":"https:\/\/schema.org","@graph":[{"@type":"WebPage","@id":"https:\/\/quuttoys.com\/fr\/produit\/squeezi-rocket\/","url":"https:\/\/quuttoys.com\/fr\/produit\/squeezi-rocket\/","name":"Squeezi Rocket - QUUT","isPartOf":{"@id":"https:\/\/quuttoys.com\/fr\/#website"},"primaryImageOfPage":{"@id":"https:\/\/quuttoys.com\/fr\/produit\/squeezi-rocket\/#primaryimage"},"image":{"@id":"https:\/\/quuttoys.com\/fr\/produit\/squeezi-rocket\/#primaryimage"},"thumbnailUrl":"https:\/\/i0.wp.com\/quuttoys.com\/wp-content\/uploads\/2022\/08\/173229-Squeezi-Rocket-1-1.jpg?fit=1870%2C1870&ssl=1","datePublished":"2022-08-17T12:58:17+00:00","dateModified":"2026-03-04T13:25:54+00:00","breadcrumb":{"@id":"https:\/\/quuttoys.com\/fr\/produit\/squeezi-rocket\/#breadcrumb"},"inLanguage":"fr-FR","potentialAction":[{"@type":"ReadAction","target":["https:\/\/quuttoys.com\/fr\/produit\/squeezi-rocket\/"]}]},{"@type":"ImageObject","inLanguage":"fr-FR","@id":"https:\/\/quuttoys.com\/fr\/produit\/squeezi-rocket\/#primaryimage","url":"https:\/\/i0.wp.com\/quuttoys.com\/wp-content\/uploads\/2022\/08\/173229-Squeezi-Rocket-1-1.jpg?fit=1870%2C1870&ssl=1","contentUrl":"https:\/\/i0.wp.com\/quuttoys.com\/wp-content\/uploads\/2022\/08\/173229-Squeezi-Rocket-1-1.jpg?fit=1870%2C1870&ssl=1","width":1870,"height":1870},{"@type":"BreadcrumbList","@id":"https:\/\/quuttoys.com\/fr\/produit\/squeezi-rocket\/#breadcrumb","itemListElement":[{"@type":"ListItem","position":1,"name":"Home","item":"https:\/\/quuttoys.com\/fr\/"},{"@type":"ListItem","position":2,"name":"All products","item":"https:\/\/quuttoys.com\/all-products\/"},{"@type":"ListItem","position":3,"name":"Squeezi Rocket"}]},{"@type":"WebSite","@id":"https:\/\/quuttoys.com\/fr\/#website","url":"https:\/\/quuttoys.com\/fr\/","name":"QUUT","description":"Quality toys quality time - Anywhere anytime","potentialAction":[{"@type":"SearchAction","target":{"@type":"EntryPoint","urlTemplate":"https:\/\/quuttoys.com\/fr\/?s={search_term_string}"},"query-input":{"@type":"PropertyValueSpecification","valueRequired":true,"valueName":"search_term_string"}}],"inLanguage":"fr-FR"}]}},"jetpack_publicize_connections":[],"jetpack_likes_enabled":true,"jetpack_sharing_enabled":true,"amp_enabled":true,"_links":{"self":[{"href":"https:\/\/quuttoys.com\/fr\/wp-json\/wp\/v2\/product\/60486","targetHints":{"allow":["GET"]}}],"collection":[{"href":"https:\/\/quuttoys.com\/fr\/wp-json\/wp\/v2\/product"}],"about":[{"href":"https:\/\/quuttoys.com\/fr\/wp-json\/wp\/v2\/types\/product"}],"wp:featuredmedia":[{"embeddable":true,"href":"https:\/\/quuttoys.com\/fr\/wp-json\/wp\/v2\/media\/50746"}],"wp:attachment":[{"href":"https:\/\/quuttoys.com\/fr\/wp-json\/wp\/v2\/media?parent=60486"}],"wp:term":[{"taxonomy":"product_brand","embeddable":true,"href":"https:\/\/quuttoys.com\/fr\/wp-json\/wp\/v2\/product_brand?post=60486"},{"taxonomy":"product_cat","embeddable":true,"href":"https:\/\/quuttoys.com\/fr\/wp-json\/wp\/v2\/product_cat?post=60486"},{"taxonomy":"product_tag","embeddable":true,"href":"https:\/\/quuttoys.com\/fr\/wp-json\/wp\/v2\/product_tag?post=60486"}],"curies":[{"name":"wp","href":"https:\/\/api.w.org\/{rel}","templated":true}]}}