{"id":60558,"date":"2025-02-06T13:07:35","date_gmt":"2025-02-06T12:07:35","guid":{"rendered":"https:\/\/quuttoys.com\/product\/poncho-cherry\/"},"modified":"2026-04-01T10:27:32","modified_gmt":"2026-04-01T08:27:32","slug":"poncho-cherry","status":"publish","type":"product","link":"https:\/\/quuttoys.com\/fr\/produit\/poncho-cherry\/","title":{"rendered":"Poncho Cherry"},"content":{"rendered":"<p>Dimensions : 60 x 60 cm<br \/>\nMat\u00e9riau : 100 % microfibre<br \/>\nDisponible en : Oc\u00e9an | Lavande | Cherry | Burgundy<br \/>\nEntretien: Lavage \u00e0 30\u00b0C<\/p>\n","protected":false},"excerpt":{"rendered":"<p>Restez styl\u00e9 et \u00e0 l\u2019aise avec notre poncho de plage, disponible dans une vari\u00e9t\u00e9 de couleurs vives ! Fabriqu\u00e9 en microfibre ultra-absorbante, il s\u00e8che tr\u00e8s vite et se compacte en petits formats \u2014 parfait pour toute aventure. En plus, il est sans sable, donc vous pouvez laisser la plage l\u00e0 o\u00f9 elle doit \u00eatre !<\/p>\n<ul>\n<li>Disponible en diff\u00e9rentes couleurs<\/li>\n<li>La microfibre s\u00e8che rapidement et est tr\u00e8s compacte<\/li>\n<li>Sans sable<\/li>\n<\/ul>\n","protected":false},"featured_media":57496,"template":"","meta":{"_coblocks_attr":"","_coblocks_dimensions":"","_coblocks_responsive_height":"","_coblocks_accordion_ie_support":"","_crdt_document":"","jetpack_publicize_message":"","jetpack_publicize_feature_enabled":true,"jetpack_social_post_already_shared":true,"jetpack_social_options":{"image_generator_settings":{"template":"highway","default_image_id":0,"font":"","enabled":false},"version":2},"_wpas_customize_per_network":false},"product_brand":[],"product_cat":[20263,21008],"product_tag":[],"class_list":{"0":"post-60558","1":"product","2":"type-product","3":"status-publish","4":"has-post-thumbnail","6":"product_cat-outdoor-fr","7":"product_cat-poncho","9":"first","10":"instock","11":"shipping-taxable","12":"product-type-simple"},"yoast_head":"<!-- This site is optimized with the Yoast SEO plugin v27.4 - https:\/\/yoast.com\/product\/yoast-seo-wordpress\/ -->\n<title>Poncho Cherry - QUUT<\/title>\n<meta name=\"description\" content=\"Our poncho is available in a variety of vibrant colors! Made from ultra-absorbent microfiber, it dries super fast and packs down small.\" \/>\n<meta name=\"robots\" content=\"index, follow, max-snippet:-1, max-image-preview:large, max-video-preview:-1\" \/>\n<link rel=\"canonical\" href=\"https:\/\/quuttoys.com\/fr\/produit\/poncho-cherry\/\" \/>\n<meta property=\"og:locale\" content=\"fr_FR\" \/>\n<meta property=\"og:type\" content=\"article\" \/>\n<meta property=\"og:title\" content=\"Poncho Cherry - QUUT\" \/>\n<meta property=\"og:description\" content=\"Our poncho is available in a variety of vibrant colors! Made from ultra-absorbent microfiber, it dries super fast and packs down small.\" \/>\n<meta property=\"og:url\" content=\"https:\/\/quuttoys.com\/fr\/produit\/poncho-cherry\/\" \/>\n<meta property=\"og:site_name\" content=\"QUUT\" \/>\n<meta property=\"article:modified_time\" content=\"2026-04-01T08:27:32+00:00\" \/>\n<meta property=\"og:image\" content=\"https:\/\/quuttoys.com\/wp-content\/uploads\/2025\/02\/Quut_Poncho-Cherry.jpg\" \/>\n\t<meta property=\"og:image:width\" content=\"1500\" \/>\n\t<meta property=\"og:image:height\" content=\"1499\" \/>\n\t<meta property=\"og:image:type\" content=\"image\/jpeg\" \/>\n<meta name=\"twitter:card\" content=\"summary_large_image\" \/>\n<meta name=\"twitter:label1\" content=\"Dur\u00e9e de lecture estim\u00e9e\" \/>\n\t<meta name=\"twitter:data1\" content=\"1 minute\" \/>\n<script type=\"application\/ld+json\" class=\"yoast-schema-graph\">{\"@context\":\"https:\\\/\\\/schema.org\",\"@graph\":[{\"@type\":\"WebPage\",\"@id\":\"https:\\\/\\\/quuttoys.com\\\/fr\\\/produit\\\/poncho-cherry\\\/\",\"url\":\"https:\\\/\\\/quuttoys.com\\\/fr\\\/produit\\\/poncho-cherry\\\/\",\"name\":\"Poncho Cherry - QUUT\",\"isPartOf\":{\"@id\":\"https:\\\/\\\/quuttoys.com\\\/fr\\\/#website\"},\"primaryImageOfPage\":{\"@id\":\"https:\\\/\\\/quuttoys.com\\\/fr\\\/produit\\\/poncho-cherry\\\/#primaryimage\"},\"image\":{\"@id\":\"https:\\\/\\\/quuttoys.com\\\/fr\\\/produit\\\/poncho-cherry\\\/#primaryimage\"},\"thumbnailUrl\":\"https:\\\/\\\/i0.wp.com\\\/quuttoys.com\\\/wp-content\\\/uploads\\\/2025\\\/02\\\/Quut_Poncho-Cherry.jpg?fit=1500%2C1499&ssl=1\",\"datePublished\":\"2025-02-06T12:07:35+00:00\",\"dateModified\":\"2026-04-01T08:27:32+00:00\",\"description\":\"Our poncho is available in a variety of vibrant colors! Made from ultra-absorbent microfiber, it dries super fast and packs down small.\",\"breadcrumb\":{\"@id\":\"https:\\\/\\\/quuttoys.com\\\/fr\\\/produit\\\/poncho-cherry\\\/#breadcrumb\"},\"inLanguage\":\"fr-FR\",\"potentialAction\":[{\"@type\":\"ReadAction\",\"target\":[\"https:\\\/\\\/quuttoys.com\\\/fr\\\/produit\\\/poncho-cherry\\\/\"]}]},{\"@type\":\"ImageObject\",\"inLanguage\":\"fr-FR\",\"@id\":\"https:\\\/\\\/quuttoys.com\\\/fr\\\/produit\\\/poncho-cherry\\\/#primaryimage\",\"url\":\"https:\\\/\\\/i0.wp.com\\\/quuttoys.com\\\/wp-content\\\/uploads\\\/2025\\\/02\\\/Quut_Poncho-Cherry.jpg?fit=1500%2C1499&ssl=1\",\"contentUrl\":\"https:\\\/\\\/i0.wp.com\\\/quuttoys.com\\\/wp-content\\\/uploads\\\/2025\\\/02\\\/Quut_Poncho-Cherry.jpg?fit=1500%2C1499&ssl=1\",\"width\":1500,\"height\":1499},{\"@type\":\"BreadcrumbList\",\"@id\":\"https:\\\/\\\/quuttoys.com\\\/fr\\\/produit\\\/poncho-cherry\\\/#breadcrumb\",\"itemListElement\":[{\"@type\":\"ListItem\",\"position\":1,\"name\":\"Home\",\"item\":\"https:\\\/\\\/quuttoys.com\\\/fr\\\/\"},{\"@type\":\"ListItem\",\"position\":2,\"name\":\"All products\",\"item\":\"https:\\\/\\\/quuttoys.com\\\/all-products\\\/\"},{\"@type\":\"ListItem\",\"position\":3,\"name\":\"Poncho Cherry\"}]},{\"@type\":\"WebSite\",\"@id\":\"https:\\\/\\\/quuttoys.com\\\/fr\\\/#website\",\"url\":\"https:\\\/\\\/quuttoys.com\\\/fr\\\/\",\"name\":\"QUUT\",\"description\":\"Quality toys quality time - Anywhere anytime\",\"potentialAction\":[{\"@type\":\"SearchAction\",\"target\":{\"@type\":\"EntryPoint\",\"urlTemplate\":\"https:\\\/\\\/quuttoys.com\\\/fr\\\/?s={search_term_string}\"},\"query-input\":{\"@type\":\"PropertyValueSpecification\",\"valueRequired\":true,\"valueName\":\"search_term_string\"}}],\"inLanguage\":\"fr-FR\"}]}<\/script>\n<!-- \/ Yoast SEO plugin. -->","yoast_head_json":{"title":"Poncho Cherry - QUUT","description":"Our poncho is available in a variety of vibrant colors! Made from ultra-absorbent microfiber, it dries super fast and packs down small.","robots":{"index":"index","follow":"follow","max-snippet":"max-snippet:-1","max-image-preview":"max-image-preview:large","max-video-preview":"max-video-preview:-1"},"canonical":"https:\/\/quuttoys.com\/fr\/produit\/poncho-cherry\/","og_locale":"fr_FR","og_type":"article","og_title":"Poncho Cherry - QUUT","og_description":"Our poncho is available in a variety of vibrant colors! Made from ultra-absorbent microfiber, it dries super fast and packs down small.","og_url":"https:\/\/quuttoys.com\/fr\/produit\/poncho-cherry\/","og_site_name":"QUUT","article_modified_time":"2026-04-01T08:27:32+00:00","og_image":[{"width":1500,"height":1499,"url":"https:\/\/quuttoys.com\/wp-content\/uploads\/2025\/02\/Quut_Poncho-Cherry.jpg","type":"image\/jpeg"}],"twitter_card":"summary_large_image","twitter_misc":{"Dur\u00e9e de lecture estim\u00e9e":"1 minute"},"schema":{"@context":"https:\/\/schema.org","@graph":[{"@type":"WebPage","@id":"https:\/\/quuttoys.com\/fr\/produit\/poncho-cherry\/","url":"https:\/\/quuttoys.com\/fr\/produit\/poncho-cherry\/","name":"Poncho Cherry - QUUT","isPartOf":{"@id":"https:\/\/quuttoys.com\/fr\/#website"},"primaryImageOfPage":{"@id":"https:\/\/quuttoys.com\/fr\/produit\/poncho-cherry\/#primaryimage"},"image":{"@id":"https:\/\/quuttoys.com\/fr\/produit\/poncho-cherry\/#primaryimage"},"thumbnailUrl":"https:\/\/i0.wp.com\/quuttoys.com\/wp-content\/uploads\/2025\/02\/Quut_Poncho-Cherry.jpg?fit=1500%2C1499&ssl=1","datePublished":"2025-02-06T12:07:35+00:00","dateModified":"2026-04-01T08:27:32+00:00","description":"Our poncho is available in a variety of vibrant colors! Made from ultra-absorbent microfiber, it dries super fast and packs down small.","breadcrumb":{"@id":"https:\/\/quuttoys.com\/fr\/produit\/poncho-cherry\/#breadcrumb"},"inLanguage":"fr-FR","potentialAction":[{"@type":"ReadAction","target":["https:\/\/quuttoys.com\/fr\/produit\/poncho-cherry\/"]}]},{"@type":"ImageObject","inLanguage":"fr-FR","@id":"https:\/\/quuttoys.com\/fr\/produit\/poncho-cherry\/#primaryimage","url":"https:\/\/i0.wp.com\/quuttoys.com\/wp-content\/uploads\/2025\/02\/Quut_Poncho-Cherry.jpg?fit=1500%2C1499&ssl=1","contentUrl":"https:\/\/i0.wp.com\/quuttoys.com\/wp-content\/uploads\/2025\/02\/Quut_Poncho-Cherry.jpg?fit=1500%2C1499&ssl=1","width":1500,"height":1499},{"@type":"BreadcrumbList","@id":"https:\/\/quuttoys.com\/fr\/produit\/poncho-cherry\/#breadcrumb","itemListElement":[{"@type":"ListItem","position":1,"name":"Home","item":"https:\/\/quuttoys.com\/fr\/"},{"@type":"ListItem","position":2,"name":"All products","item":"https:\/\/quuttoys.com\/all-products\/"},{"@type":"ListItem","position":3,"name":"Poncho Cherry"}]},{"@type":"WebSite","@id":"https:\/\/quuttoys.com\/fr\/#website","url":"https:\/\/quuttoys.com\/fr\/","name":"QUUT","description":"Quality toys quality time - Anywhere anytime","potentialAction":[{"@type":"SearchAction","target":{"@type":"EntryPoint","urlTemplate":"https:\/\/quuttoys.com\/fr\/?s={search_term_string}"},"query-input":{"@type":"PropertyValueSpecification","valueRequired":true,"valueName":"search_term_string"}}],"inLanguage":"fr-FR"}]}},"jetpack_publicize_connections":[],"jetpack_likes_enabled":true,"jetpack_sharing_enabled":true,"amp_enabled":true,"_links":{"self":[{"href":"https:\/\/quuttoys.com\/fr\/wp-json\/wp\/v2\/product\/60558","targetHints":{"allow":["GET"]}}],"collection":[{"href":"https:\/\/quuttoys.com\/fr\/wp-json\/wp\/v2\/product"}],"about":[{"href":"https:\/\/quuttoys.com\/fr\/wp-json\/wp\/v2\/types\/product"}],"wp:featuredmedia":[{"embeddable":true,"href":"https:\/\/quuttoys.com\/fr\/wp-json\/wp\/v2\/media\/57496"}],"wp:attachment":[{"href":"https:\/\/quuttoys.com\/fr\/wp-json\/wp\/v2\/media?parent=60558"}],"wp:term":[{"taxonomy":"product_brand","embeddable":true,"href":"https:\/\/quuttoys.com\/fr\/wp-json\/wp\/v2\/product_brand?post=60558"},{"taxonomy":"product_cat","embeddable":true,"href":"https:\/\/quuttoys.com\/fr\/wp-json\/wp\/v2\/product_cat?post=60558"},{"taxonomy":"product_tag","embeddable":true,"href":"https:\/\/quuttoys.com\/fr\/wp-json\/wp\/v2\/product_tag?post=60558"}],"curies":[{"name":"wp","href":"https:\/\/api.w.org\/{rel}","templated":true}]}}